{"id":277,"date":"2025-10-24T06:07:40","date_gmt":"2025-10-24T06:07:40","guid":{"rendered":"https:\/\/cremagest.com\/beheersoftware-voor-crematoria\/"},"modified":"2025-12-22T14:26:16","modified_gmt":"2025-12-22T14:26:16","slug":"beheersoftware-voor-crematoria","status":"publish","type":"page","link":"https:\/\/cremagest.com\/nl\/","title":{"rendered":"Beheersoftware voor crematoria"},"content":{"rendered":"\n<div class=\"wp-block-columns is-layout-flex wp-container-core-columns-is-layout-28f84493 wp-block-columns-is-layout-flex\">\n<div class=\"wp-block-column is-content-justification-center is-layout-constrained wp-block-column-is-layout-constrained\" style=\"flex-basis:40%\">\n<div class=\"wp-block-group is-layout-constrained wp-block-group-is-layout-constrained\">\n<div class=\"wp-block-group is-vertical is-content-justification-center is-layout-flex wp-container-core-group-is-layout-ce155fab wp-block-group-is-layout-flex\">\n<p><strong>CREMAGEST<\/strong> brengt alle administratieve taken samen op \u00e9\u00e9n plek, zodat uw teams ceremonies, schema&#8217;s en familie-informatie kunnen beheren zonder tijd te verspillen. Met een duidelijke interface die overal toegankelijk is, kunt u fouten verminderen en de kwaliteit van de dienstverlening aan gezinnen verbeteren. <\/p>\n\n\n\n<p><strong>CREMAGEST<\/strong> biedt u een complete, intu\u00eftieve oplossing waarmee u zich kunt concentreren op uw bedrijf in plaats van op uw administratieve taken. Gezinnen profiteren dus van een professionele en uitgebreide service die zich richt op de menselijke dimensie en tegelijkertijd discreet wordt ondersteund door technologie. <\/p>\n\n\n\n<p><strong>CREMAGEST<\/strong> is een ge\u00efntegreerde &#8220;alles-in-\u00e9\u00e9n&#8221; oplossing waarmee crematoria het beheer van hun activiteiten kunnen centraliseren.<\/p>\n\n\n\n<div style=\"height:0px\" aria-hidden=\"true\" class=\"wp-block-spacer wp-container-content-9760934e\"><\/div>\n\n\n\n<div class=\"wp-block-buttons has-custom-font-size has-small-font-size is-content-justification-center is-nowrap is-layout-flex wp-container-core-buttons-is-layout-eed927ef wp-block-buttons-is-layout-flex\" style=\"margin-top:0;margin-bottom:0;padding-top:0;padding-bottom:0\">\n<div class=\"wp-block-button has-custom-width wp-block-button__width-100 is-style-fill\"><a class=\"wp-block-button__link has-medium-font-size has-custom-font-size wp-element-button\" href=\"https:\/\/cremagest.com\/nl\/neem-contact-met-ons-op\/\" style=\"padding-top:var(--wp--preset--spacing--30);padding-right:var(--wp--preset--spacing--80);padding-bottom:var(--wp--preset--spacing--30);padding-left:var(--wp--preset--spacing--80)\">Neem contact met ons op<\/a><\/div>\n<\/div>\n<\/div>\n<\/div>\n<\/div>\n\n\n\n<div class=\"wp-block-column is-layout-constrained wp-block-column-is-layout-constrained\" style=\"flex-basis:60%\">\n<figure class=\"wp-block-image aligncenter size-large\" style=\"margin-top:0;margin-bottom:0\"><img loading=\"lazy\" decoding=\"async\" width=\"1024\" height=\"545\" src=\"https:\/\/cremagest.com\/wp-content\/uploads\/2025\/10\/mbpro-mockup-2048x1089-1-1024x545.png\" alt=\"\" class=\"wp-image-176\" style=\"box-shadow:none;object-fit:cover\" srcset=\"https:\/\/cremagest.com\/wp-content\/uploads\/2025\/10\/mbpro-mockup-2048x1089-1-1024x545.png 1024w, https:\/\/cremagest.com\/wp-content\/uploads\/2025\/10\/mbpro-mockup-2048x1089-1-300x160.png 300w, https:\/\/cremagest.com\/wp-content\/uploads\/2025\/10\/mbpro-mockup-2048x1089-1-768x408.png 768w, https:\/\/cremagest.com\/wp-content\/uploads\/2025\/10\/mbpro-mockup-2048x1089-1-1536x817.png 1536w, https:\/\/cremagest.com\/wp-content\/uploads\/2025\/10\/mbpro-mockup-2048x1089-1.png 1600w\" sizes=\"auto, (max-width: 1024px) 100vw, 1024px\" \/><\/figure>\n<\/div>\n<\/div>\n\n<h1 class=\"wp-block-heading has-text-align-center\">Functies<\/h1>\n\n<div class=\"wp-block-group is-layout-constrained wp-container-core-group-is-layout-7a346fb0 wp-block-group-is-layout-constrained\">\n<p class=\"has-text-align-center\">Cremagest biedt u een complete, intu\u00eftieve oplossing waarmee u zich kunt concentreren op uw bedrijf in plaats van op uw administratieve taken. Gezinnen profiteren dus van een professionele en uitgebreide service die zich richt op de menselijke dimensie en tegelijkertijd discreet wordt ondersteund door technologie. <\/p>\n<\/div>\n\n<div class=\"wp-block-group is-layout-constrained wp-block-group-is-layout-constrained\">\n<div class=\"wp-block-columns is-layout-flex wp-container-core-columns-is-layout-28f84493 wp-block-columns-is-layout-flex\">\n<div class=\"wp-block-column is-layout-constrained wp-block-column-is-layout-constrained\">\n<figure class=\"wp-block-image size-large\"><img loading=\"lazy\" decoding=\"async\" width=\"40\" height=\"40\" src=\"https:\/\/cremagest.com\/wp-content\/uploads\/2025\/10\/icon-statistiques.svg\" alt=\"\" class=\"wp-image-46\"\/><\/figure>\n\n\n\n<h3 class=\"wp-block-heading\">Beheer van facturering<\/h3>\n\n\n\n<p>Lijst van openstaande facturen, creditnota&#8217;s, beheer van kredietlimieten en te veel betaalde bedragen&#8230; Cremagest heeft een complete module voor factureringsbeheer.<\/p>\n<\/div>\n\n\n\n<div class=\"wp-block-column is-layout-constrained wp-block-column-is-layout-constrained\">\n<figure class=\"wp-block-image size-large\"><img loading=\"lazy\" decoding=\"async\" width=\"40\" height=\"40\" src=\"https:\/\/cremagest.com\/wp-content\/uploads\/2025\/10\/icon-agenda.svg\" alt=\"\" class=\"wp-image-47\"\/><\/figure>\n\n\n\n<h3 class=\"wp-block-heading\">Ceremonie agenda<\/h3>\n\n\n\n<p>Het boeken van kamers maakt onmiddellijke bevestiging met de familie mogelijk. Daarnaast centraliseert de kalender informatie over ceremonies en andere boekingen op een overzichtelijke en intu\u00eftieve manier. <\/p>\n<\/div>\n\n\n\n<div class=\"wp-block-column is-layout-constrained wp-block-column-is-layout-constrained\">\n<figure class=\"wp-block-image size-large\"><img loading=\"lazy\" decoding=\"async\" width=\"45\" height=\"39\" src=\"https:\/\/cremagest.com\/wp-content\/uploads\/2025\/10\/icon-rapport.svg\" alt=\"\" class=\"wp-image-49\"\/><\/figure>\n\n\n\n<h3 class=\"wp-block-heading\">Real-time statistieken<\/h3>\n\n\n\n<p>CA- en crematiestatistieken kunnen in realtime worden bekeken, evenals het volgen van kisten en activiteiten.<\/p>\n<\/div>\n<\/div>\n\n\n\n<div class=\"wp-block-columns is-layout-flex wp-container-core-columns-is-layout-28f84493 wp-block-columns-is-layout-flex\">\n<div class=\"wp-block-column is-layout-constrained wp-block-column-is-layout-constrained\">\n<figure class=\"wp-block-image size-large\"><img loading=\"lazy\" decoding=\"async\" width=\"44\" height=\"43\" src=\"https:\/\/cremagest.com\/wp-content\/uploads\/2025\/10\/icon-multisites-1.svg\" alt=\"\" class=\"wp-image-51\"\/><\/figure>\n\n\n\n<h3 class=\"wp-block-heading\">Rapportagesysteem<\/h3>\n\n\n\n<p class=\"wp-container-content-69bc4bdf\">Met aanpasbare statistische rapporten kunt u alleen de informatie bekijken die u nodig hebt.<\/p>\n<\/div>\n\n\n\n<div class=\"wp-block-column is-layout-constrained wp-block-column-is-layout-constrained\">\n<figure class=\"wp-block-image size-large\"><img loading=\"lazy\" decoding=\"async\" width=\"35\" height=\"41\" src=\"https:\/\/cremagest.com\/wp-content\/uploads\/2025\/10\/group-icon-facture.svg\" alt=\"\" class=\"wp-image-52\"\/><\/figure>\n\n\n\n<h3 class=\"wp-block-heading\">Meerdere locaties<\/h3>\n\n\n\n<p>Voor consortia is het mogelijk om meerdere crematoria gecentraliseerd te beheren, waardoor alle operatoren op verschillende locaties toegang hebben tot dezelfde applicatie.<\/p>\n<\/div>\n\n\n\n<div class=\"wp-block-column is-layout-constrained wp-block-column-is-layout-constrained\">\n<figure class=\"wp-block-image size-large\"><img loading=\"lazy\" decoding=\"async\" width=\"39\" height=\"45\" src=\"https:\/\/cremagest.com\/wp-content\/uploads\/2025\/10\/access.svg\" alt=\"\" class=\"wp-image-53\"\/><\/figure>\n\n\n\n<h3 class=\"wp-block-heading\">Begrafenisondernemers<\/h3>\n\n\n\n<p>Als u wilt, kunt u de toegang tot uw Cremagest openen voor de uitvaartcentra waarmee u werkt. Ze kunnen dan direct reserveren voor ceremonies. <\/p>\n<\/div>\n<\/div>\n<\/div>\n\n<div style=\"height:46px\" aria-hidden=\"true\" class=\"wp-block-spacer\"><\/div>\n\n<div class=\"wp-block-group has-background is-layout-constrained wp-container-core-group-is-layout-c8ee93ac wp-block-group-is-layout-constrained\" style=\"background:linear-gradient(90deg,rgb(255,183,0) 0%,rgb(255,148,0) 100%);padding-right:var(--wp--preset--spacing--70);padding-left:var(--wp--preset--spacing--70);box-shadow:var(--wp--preset--shadow--natural)\">\n<div class=\"wp-block-group is-layout-constrained wp-block-group-is-layout-constrained\">\n<h1 class=\"wp-block-heading has-palette-color-8-color has-text-color has-link-color wp-elements-1f06a74c189f7068a093c204dd0516f2\">Ondersteuning voor gebruikers<\/h1>\n\n\n\n<p class=\"has-palette-color-8-color has-text-color has-link-color wp-elements-a71d01f50ddb7be284f5619b6694d42c\">Bent u ge\u00efnteresseerd in Cremagest? De implementatie van de software is mogelijk in slechts 12 weken! Eens de app er is, helpen we je zowel technisch als functioneel.  <\/p>\n<\/div>\n\n\n\n<div class=\"wp-block-columns is-layout-flex wp-container-core-columns-is-layout-28f84493 wp-block-columns-is-layout-flex\">\n<div class=\"wp-block-column has-palette-color-8-color has-text-color has-link-color wp-elements-c74bd861a72f4a13e85a3ddadf37c771 is-layout-flow wp-block-column-is-layout-flow\">\n<h2 class=\"wp-block-heading has-text-align-left has-palette-color-8-color has-text-color has-link-color has-x-large-font-size wp-elements-57fb12735498109c379721546035719d\">1.<\/h2>\n\n\n\n<figure class=\"wp-block-image size-full\"><img loading=\"lazy\" decoding=\"async\" width=\"255\" height=\"170\" src=\"http:\/\/cremagest.com\/wp-content\/uploads\/2025\/10\/service-01.png\" alt=\"\" class=\"wp-image-60\"\/><\/figure>\n\n\n\n<h4 class=\"wp-block-heading has-palette-color-8-color has-text-color has-link-color wp-elements-e87635bc215b3fcec9723630ddb5ef10\">Kick-off bijeenkomst<\/h4>\n\n\n\n<p>Algemeen functieoverzicht<\/p>\n<\/div>\n\n\n\n<div class=\"wp-block-column has-palette-color-8-color has-text-color has-link-color wp-elements-2e82756a82cb9e2bb7eb131fd67e1ecf is-layout-flow wp-block-column-is-layout-flow\">\n<h2 class=\"wp-block-heading has-text-align-left has-palette-color-8-color has-text-color has-link-color has-x-large-font-size wp-elements-44d2ff9dcd161c876df1ba1f81bf79ea\">2.<\/h2>\n\n\n\n<figure class=\"wp-block-image size-full\"><img loading=\"lazy\" decoding=\"async\" width=\"255\" height=\"170\" src=\"http:\/\/cremagest.com\/wp-content\/uploads\/2025\/10\/service-02.png\" alt=\"\" class=\"wp-image-61\"\/><\/figure>\n\n\n\n<h4 class=\"wp-block-heading has-palette-color-8-color has-text-color has-link-color wp-elements-55ae5ed92853ff3641aef160505df584\">Training op locatie<\/h4>\n\n\n\n<p>4 uur ter plaatse (5 personen) + 8 uur ondersteuning op afstand<\/p>\n<\/div>\n\n\n\n<div class=\"wp-block-column has-palette-color-8-color has-text-color has-link-color wp-elements-d05c6f8cf81e9e9e8aaac5c066c58339 is-layout-flow wp-block-column-is-layout-flow\">\n<h2 class=\"wp-block-heading has-text-align-left has-palette-color-8-color has-text-color has-link-color has-x-large-font-size wp-elements-af7507e29cc3b2da9b14c4740e3c1845\">3.<\/h2>\n\n\n\n<figure class=\"wp-block-image size-full\"><img loading=\"lazy\" decoding=\"async\" width=\"255\" height=\"170\" src=\"http:\/\/cremagest.com\/wp-content\/uploads\/2025\/10\/service-03.png\" alt=\"\" class=\"wp-image-62\"\/><\/figure>\n\n\n\n<h4 class=\"wp-block-heading has-palette-color-8-color has-text-color has-link-color wp-elements-87d56c33f14ad6aee83b9163baa9d50d\">Functionele ondersteuning<\/h4>\n\n\n\n<p>Ondersteuning via e-mail en telefoon &#8220;hoe te gebruiken&#8221; (optie)<\/p>\n<\/div>\n\n\n\n<div class=\"wp-block-column has-palette-color-8-color has-text-color has-link-color wp-elements-00d5b03cced90c1ca03c440cdacd666d is-layout-flow wp-block-column-is-layout-flow\">\n<h2 class=\"wp-block-heading has-text-align-left has-palette-color-8-color has-text-color has-link-color has-x-large-font-size wp-elements-1321780bb1191bf0e54f9c6309925250\">4.<\/h2>\n\n\n\n<figure class=\"wp-block-image size-full\"><img loading=\"lazy\" decoding=\"async\" width=\"255\" height=\"170\" src=\"http:\/\/cremagest.com\/wp-content\/uploads\/2025\/10\/service-04.png\" alt=\"\" class=\"wp-image-63\"\/><\/figure>\n\n\n\n<h4 class=\"wp-block-heading has-palette-color-8-color has-text-color has-link-color wp-elements-8ca525215ea0885c6a3e15f31ce55da5\">Software-evolutie<\/h4>\n\n\n\n<p>Voortdurende evolutie vs. gebruikersbehoeften<\/p>\n<\/div>\n<\/div>\n\n\n\n<div class=\"wp-block-buttons is-content-justification-center is-layout-flex wp-container-core-buttons-is-layout-c936322e wp-block-buttons-is-layout-flex\" style=\"padding-top:var(--wp--preset--spacing--40);padding-bottom:var(--wp--preset--spacing--40)\">\n<div class=\"wp-block-button is-style-fill\"><a class=\"wp-block-button__link has-medium-font-size has-text-align-center has-custom-font-size wp-element-button\" href=\"https:\/\/cremagest.com\/nl\/implementatie\/\" style=\"border-style:none;border-width:0px;padding-top:var(--wp--preset--spacing--40);padding-bottom:var(--wp--preset--spacing--40)\"><strong>Onze diensten<\/strong><\/a><\/div>\n<\/div>\n<\/div>\n\n<div style=\"height:58px\" aria-hidden=\"true\" class=\"wp-block-spacer\"><\/div>\n\n<div class=\"wp-block-group is-layout-constrained wp-block-group-is-layout-constrained\">\n<h1 class=\"wp-block-heading\">Voordelen<\/h1>\n\n\n\n<div class=\"wp-block-columns has-small-font-size is-layout-flex wp-container-core-columns-is-layout-28f84493 wp-block-columns-is-layout-flex\">\n<div class=\"wp-block-column is-layout-constrained wp-block-column-is-layout-constrained\">\n<figure class=\"wp-block-image aligncenter size-large is-resized has-custom-border\"><img loading=\"lazy\" decoding=\"async\" width=\"94\" height=\"100\" src=\"https:\/\/cremagest.com\/wp-content\/uploads\/2025\/10\/index.svg\" alt=\"\" class=\"wp-image-96\" style=\"border-style:none;border-width:0px;width:auto;height:90px\"\/><\/figure>\n\n\n\n<h4 class=\"wp-block-heading alignwide has-text-align-center\">Draagbaarheid<\/h4>\n<\/div>\n\n\n\n<div class=\"wp-block-column is-layout-flow wp-block-column-is-layout-flow\">\n<figure class=\"wp-block-image aligncenter size-large is-resized\"><img loading=\"lazy\" decoding=\"async\" width=\"100\" height=\"110\" src=\"https:\/\/cremagest.com\/wp-content\/uploads\/2025\/10\/icon-centralisation.svg\" alt=\"\" class=\"wp-image-97\" style=\"width:auto;height:90px\"\/><\/figure>\n\n\n\n<h4 class=\"wp-block-heading has-text-align-center\">Centralisatie<\/h4>\n<\/div>\n\n\n\n<div class=\"wp-block-column is-layout-flow wp-block-column-is-layout-flow\">\n<figure class=\"wp-block-image aligncenter size-large is-resized\"><img loading=\"lazy\" decoding=\"async\" width=\"98\" height=\"98\" src=\"https:\/\/cremagest.com\/wp-content\/uploads\/2025\/10\/solution.svg\" alt=\"\" class=\"wp-image-98\" style=\"width:auto;height:90px\"\/><\/figure>\n\n\n\n<h4 class=\"wp-block-heading has-text-align-center\">Modulariteit<\/h4>\n<\/div>\n\n\n\n<div class=\"wp-block-column is-layout-flow wp-block-column-is-layout-flow\">\n<figure class=\"wp-block-image aligncenter size-large is-resized\"><img loading=\"lazy\" decoding=\"async\" width=\"80\" height=\"100\" src=\"https:\/\/cremagest.com\/wp-content\/uploads\/2025\/10\/icon-pertinence.svg\" alt=\"\" class=\"wp-image-99\" style=\"width:auto;height:90px\"\/><\/figure>\n\n\n\n<h4 class=\"wp-block-heading has-text-align-center\">Relevantie<\/h4>\n<\/div>\n\n\n\n<div class=\"wp-block-column is-layout-flow wp-block-column-is-layout-flow\">\n<figure class=\"wp-block-image aligncenter size-large is-resized\"><img loading=\"lazy\" decoding=\"async\" width=\"70\" height=\"93\" src=\"https:\/\/cremagest.com\/wp-content\/uploads\/2025\/10\/fiablilite.svg\" alt=\"\" class=\"wp-image-100\" style=\"width:auto;height:90px\"\/><\/figure>\n\n\n\n<h4 class=\"wp-block-heading has-text-align-center\">Betrouwbaarheid<\/h4>\n<\/div>\n<\/div>\n<\/div>\n\n<div style=\"height:60px\" aria-hidden=\"true\" class=\"wp-block-spacer\"><\/div>\n\n<figure class=\"wp-block-video\"><video controls=\"\" loop=\"\" src=\"http:\/\/cremagest.com\/wp-content\/uploads\/2025\/11\/Nov-2025-s.mp4\" playsinline=\"\"><\/video><\/figure>\n","protected":false},"excerpt":{"rendered":"<p>CREMAGEST brengt alle administratieve taken samen op \u00e9\u00e9n plek, zodat uw teams ceremonies, schema&#8217;s en familie-informatie kunnen beheren zonder tijd te verspillen. Met een duidelijke interface die overal toegankelijk is, kunt u fouten verminderen en de kwaliteit van de dienstverlening aan gezinnen verbeteren. CREMAGEST biedt u een complete, intu\u00eftieve oplossing waarmee u zich kunt concentreren [&hellip;]<\/p>\n","protected":false},"author":1,"featured_media":0,"parent":0,"menu_order":0,"comment_status":"closed","ping_status":"closed","template":"","meta":{"inline_featured_image":false,"footnotes":""},"class_list":["post-277","page","type-page","status-publish","hentry"],"blocksy_meta":[],"_links":{"self":[{"href":"https:\/\/cremagest.com\/nl\/wp-json\/wp\/v2\/pages\/277","targetHints":{"allow":["GET"]}}],"collection":[{"href":"https:\/\/cremagest.com\/nl\/wp-json\/wp\/v2\/pages"}],"about":[{"href":"https:\/\/cremagest.com\/nl\/wp-json\/wp\/v2\/types\/page"}],"author":[{"embeddable":true,"href":"https:\/\/cremagest.com\/nl\/wp-json\/wp\/v2\/users\/1"}],"replies":[{"embeddable":true,"href":"https:\/\/cremagest.com\/nl\/wp-json\/wp\/v2\/comments?post=277"}],"version-history":[{"count":7,"href":"https:\/\/cremagest.com\/nl\/wp-json\/wp\/v2\/pages\/277\/revisions"}],"predecessor-version":[{"id":415,"href":"https:\/\/cremagest.com\/nl\/wp-json\/wp\/v2\/pages\/277\/revisions\/415"}],"wp:attachment":[{"href":"https:\/\/cremagest.com\/nl\/wp-json\/wp\/v2\/media?parent=277"}],"curies":[{"name":"wp","href":"https:\/\/api.w.org\/{rel}","templated":true}]}}