{"id":353,"date":"2025-10-24T06:07:40","date_gmt":"2025-10-24T06:07:40","guid":{"rendered":"https:\/\/cremagest.com\/software-gestionali-per-forni-crematori\/"},"modified":"2025-12-22T14:26:15","modified_gmt":"2025-12-22T14:26:15","slug":"software-gestionali-per-forni-crematori","status":"publish","type":"page","link":"https:\/\/cremagest.com\/it\/","title":{"rendered":"Software gestionali per Forni Crematori"},"content":{"rendered":"\n<div class=\"wp-block-columns is-layout-flex wp-container-core-columns-is-layout-28f84493 wp-block-columns-is-layout-flex\">\n<div class=\"wp-block-column is-content-justification-center is-layout-constrained wp-block-column-is-layout-constrained\" style=\"flex-basis:40%\">\n<div class=\"wp-block-group is-layout-constrained wp-block-group-is-layout-constrained\">\n<div class=\"wp-block-group is-vertical is-content-justification-center is-layout-flex wp-container-core-group-is-layout-ce155fab wp-block-group-is-layout-flex\">\n<p><strong>CREMAGEST<\/strong> riunisce tutte le attivit\u00e0 amministrative in un unico posto, cos\u00ec che i tuoi team possano gestire cerimonie, orari e informazioni familiari senza perdere tempo. Con un&#8217;interfaccia chiara e accessibile da qualsiasi luogo, puoi ridurre gli errori e migliorare la qualit\u00e0 del servizio offerto alle famiglie. <\/p>\n\n\n\n<p><strong>CREMAGEST<\/strong> vi offre una soluzione completa e intuitiva che vi permette di concentrarvi sulla vostra attivit\u00e0 piuttosto che sulle vostre attivit\u00e0 amministrative. Le famiglie beneficiano cos\u00ec di un servizio professionale e completo, che mette al centro la dimensione umana pur essendo supportato con discrezione dalla tecnologia. <\/p>\n\n\n\n<p><strong>CREMAGEST<\/strong> \u00e8 una soluzione integrata &#8220;all-in-one&#8221; che consente ai forni crematori di centralizzare la gestione delle proprie attivit\u00e0.<\/p>\n\n\n\n<div style=\"height:0px\" aria-hidden=\"true\" class=\"wp-block-spacer wp-container-content-9760934e\"><\/div>\n\n\n\n<div class=\"wp-block-buttons has-custom-font-size has-small-font-size is-content-justification-center is-nowrap is-layout-flex wp-container-core-buttons-is-layout-eed927ef wp-block-buttons-is-layout-flex\" style=\"margin-top:0;margin-bottom:0;padding-top:0;padding-bottom:0\">\n<div class=\"wp-block-button has-custom-width wp-block-button__width-100 is-style-fill\"><a class=\"wp-block-button__link has-medium-font-size has-custom-font-size wp-element-button\" href=\"https:\/\/cremagest.com\/it\/contattaci\/\" style=\"padding-top:var(--wp--preset--spacing--30);padding-right:var(--wp--preset--spacing--80);padding-bottom:var(--wp--preset--spacing--30);padding-left:var(--wp--preset--spacing--80)\">Contattaci<\/a><\/div>\n<\/div>\n<\/div>\n<\/div>\n<\/div>\n\n\n\n<div class=\"wp-block-column is-layout-constrained wp-block-column-is-layout-constrained\" style=\"flex-basis:60%\">\n<figure class=\"wp-block-image aligncenter size-large\" style=\"margin-top:0;margin-bottom:0\"><img loading=\"lazy\" decoding=\"async\" width=\"1024\" height=\"545\" src=\"https:\/\/cremagest.com\/wp-content\/uploads\/2025\/10\/mbpro-mockup-2048x1089-1-1024x545.png\" alt=\"\" class=\"wp-image-176\" style=\"box-shadow:none;object-fit:cover\" srcset=\"https:\/\/cremagest.com\/wp-content\/uploads\/2025\/10\/mbpro-mockup-2048x1089-1-1024x545.png 1024w, https:\/\/cremagest.com\/wp-content\/uploads\/2025\/10\/mbpro-mockup-2048x1089-1-300x160.png 300w, https:\/\/cremagest.com\/wp-content\/uploads\/2025\/10\/mbpro-mockup-2048x1089-1-768x408.png 768w, https:\/\/cremagest.com\/wp-content\/uploads\/2025\/10\/mbpro-mockup-2048x1089-1-1536x817.png 1536w, https:\/\/cremagest.com\/wp-content\/uploads\/2025\/10\/mbpro-mockup-2048x1089-1.png 1600w\" sizes=\"auto, (max-width: 1024px) 100vw, 1024px\" \/><\/figure>\n<\/div>\n<\/div>\n\n<h1 class=\"wp-block-heading has-text-align-center\">Tratti somatici<\/h1>\n\n<div class=\"wp-block-group is-layout-constrained wp-container-core-group-is-layout-7a346fb0 wp-block-group-is-layout-constrained\">\n<p class=\"has-text-align-center\">Cremagest ti offre una soluzione completa e intuitiva che ti consente di concentrarti sulla tua attivit\u00e0 piuttosto che sulle tue attivit\u00e0 amministrative. Le famiglie beneficiano cos\u00ec di un servizio professionale e completo, che mette al centro la dimensione umana pur essendo supportato con discrezione dalla tecnologia. <\/p>\n<\/div>\n\n<div class=\"wp-block-group is-layout-constrained wp-block-group-is-layout-constrained\">\n<div class=\"wp-block-columns is-layout-flex wp-container-core-columns-is-layout-28f84493 wp-block-columns-is-layout-flex\">\n<div class=\"wp-block-column is-layout-constrained wp-block-column-is-layout-constrained\">\n<figure class=\"wp-block-image size-large\"><img loading=\"lazy\" decoding=\"async\" width=\"40\" height=\"40\" src=\"https:\/\/cremagest.com\/wp-content\/uploads\/2025\/10\/icon-statistiques.svg\" alt=\"\" class=\"wp-image-46\"\/><\/figure>\n\n\n\n<h3 class=\"wp-block-heading\">Gestione della fatturazione<\/h3>\n\n\n\n<p>Elenco fatture aperte, note di credito, gestione dei limiti di credito e dei pagamenti in eccesso&#8230; Cremagest dispone di un modulo completo per la gestione della fatturazione.<\/p>\n<\/div>\n\n\n\n<div class=\"wp-block-column is-layout-constrained wp-block-column-is-layout-constrained\">\n<figure class=\"wp-block-image size-large\"><img loading=\"lazy\" decoding=\"async\" width=\"40\" height=\"40\" src=\"https:\/\/cremagest.com\/wp-content\/uploads\/2025\/10\/icon-agenda.svg\" alt=\"\" class=\"wp-image-47\"\/><\/figure>\n\n\n\n<h3 class=\"wp-block-heading\">Agenda della cerimonia<\/h3>\n\n\n\n<p>La prenotazione delle camere consente la conferma immediata con la famiglia. Inoltre, il calendario centralizza le informazioni sulle cerimonie e le altre prenotazioni in modo chiaro e intuitivo. <\/p>\n<\/div>\n\n\n\n<div class=\"wp-block-column is-layout-constrained wp-block-column-is-layout-constrained\">\n<figure class=\"wp-block-image size-large\"><img loading=\"lazy\" decoding=\"async\" width=\"45\" height=\"39\" src=\"https:\/\/cremagest.com\/wp-content\/uploads\/2025\/10\/icon-rapport.svg\" alt=\"\" class=\"wp-image-49\"\/><\/figure>\n\n\n\n<h3 class=\"wp-block-heading\">Statistiche in tempo reale<\/h3>\n\n\n\n<p>Le statistiche CA e di cremazione possono essere visualizzate in tempo reale, cos\u00ec come il monitoraggio delle bare e delle attivit\u00e0.<\/p>\n<\/div>\n<\/div>\n\n\n\n<div class=\"wp-block-columns is-layout-flex wp-container-core-columns-is-layout-28f84493 wp-block-columns-is-layout-flex\">\n<div class=\"wp-block-column is-layout-constrained wp-block-column-is-layout-constrained\">\n<figure class=\"wp-block-image size-large\"><img loading=\"lazy\" decoding=\"async\" width=\"44\" height=\"43\" src=\"https:\/\/cremagest.com\/wp-content\/uploads\/2025\/10\/icon-multisites-1.svg\" alt=\"\" class=\"wp-image-51\"\/><\/figure>\n\n\n\n<h3 class=\"wp-block-heading\">Sistema di Reportistica<\/h3>\n\n\n\n<p class=\"wp-container-content-69bc4bdf\">I report statistici personalizzabili ti consentono di visualizzare solo le informazioni di cui hai bisogno.<\/p>\n<\/div>\n\n\n\n<div class=\"wp-block-column is-layout-constrained wp-block-column-is-layout-constrained\">\n<figure class=\"wp-block-image size-large\"><img loading=\"lazy\" decoding=\"async\" width=\"35\" height=\"41\" src=\"https:\/\/cremagest.com\/wp-content\/uploads\/2025\/10\/group-icon-facture.svg\" alt=\"\" class=\"wp-image-52\"\/><\/figure>\n\n\n\n<h3 class=\"wp-block-heading\">Multisito<\/h3>\n\n\n\n<p>Per i consorzi \u00e8 disponibile la gestione centralizzata di pi\u00f9 forni crematori, consentendo a tutti gli operatori di siti diversi di accedere alla stessa applicazione.<\/p>\n<\/div>\n\n\n\n<div class=\"wp-block-column is-layout-constrained wp-block-column-is-layout-constrained\">\n<figure class=\"wp-block-image size-large\"><img loading=\"lazy\" decoding=\"async\" width=\"39\" height=\"45\" src=\"https:\/\/cremagest.com\/wp-content\/uploads\/2025\/10\/access.svg\" alt=\"\" class=\"wp-image-53\"\/><\/figure>\n\n\n\n<h3 class=\"wp-block-heading\">Pompe funebri<\/h3>\n\n\n\n<p>Se lo desideri, puoi aprire l&#8217;accesso al tuo cremagesto alle pompe funebri con cui lavori. Potranno quindi effettuare direttamente le prenotazioni per le cerimonie. <\/p>\n<\/div>\n<\/div>\n<\/div>\n\n<div style=\"height:46px\" aria-hidden=\"true\" class=\"wp-block-spacer\"><\/div>\n\n<div class=\"wp-block-group has-background is-layout-constrained wp-container-core-group-is-layout-c8ee93ac wp-block-group-is-layout-constrained\" style=\"background:linear-gradient(90deg,rgb(255,183,0) 0%,rgb(255,148,0) 100%);padding-right:var(--wp--preset--spacing--70);padding-left:var(--wp--preset--spacing--70);box-shadow:var(--wp--preset--shadow--natural)\">\n<div class=\"wp-block-group is-layout-constrained wp-block-group-is-layout-constrained\">\n<h1 class=\"wp-block-heading has-palette-color-8-color has-text-color has-link-color wp-elements-c3e88f6c23f5307a0717c6985ab5f423\">Assistenza utenti<\/h1>\n\n\n\n<p class=\"has-palette-color-8-color has-text-color has-link-color wp-elements-22bbb15878517d2499632ed4e9150b65\">Sei interessato a Cremagest? L&#8217;implementazione del software \u00e8 possibile in sole 12 settimane! Una volta che l&#8217;app \u00e8 a posto, ti aiutiamo sia dal punto di vista tecnico che funzionale.  <\/p>\n<\/div>\n\n\n\n<div class=\"wp-block-columns is-layout-flex wp-container-core-columns-is-layout-28f84493 wp-block-columns-is-layout-flex\">\n<div class=\"wp-block-column has-palette-color-8-color has-text-color has-link-color wp-elements-b2bd3861fdd2b5f7ce4b8487457ecfa1 is-layout-flow wp-block-column-is-layout-flow\">\n<h2 class=\"wp-block-heading has-text-align-left has-palette-color-8-color has-text-color has-link-color has-x-large-font-size wp-elements-57fb12735498109c379721546035719d\">1.<\/h2>\n\n\n\n<figure class=\"wp-block-image size-full\"><img loading=\"lazy\" decoding=\"async\" width=\"255\" height=\"170\" src=\"http:\/\/cremagest.com\/wp-content\/uploads\/2025\/10\/service-01.png\" alt=\"\" class=\"wp-image-60\"\/><\/figure>\n\n\n\n<h4 class=\"wp-block-heading has-palette-color-8-color has-text-color has-link-color wp-elements-3e697c151de3053c16cc3eab1a588679\">Kick-off meeting<\/h4>\n\n\n\n<p>Panoramica delle funzionalit\u00e0 generiche<\/p>\n<\/div>\n\n\n\n<div class=\"wp-block-column has-palette-color-8-color has-text-color has-link-color wp-elements-909496953748d7f5a2e742b13c13ef32 is-layout-flow wp-block-column-is-layout-flow\">\n<h2 class=\"wp-block-heading has-text-align-left has-palette-color-8-color has-text-color has-link-color has-x-large-font-size wp-elements-44d2ff9dcd161c876df1ba1f81bf79ea\">2.<\/h2>\n\n\n\n<figure class=\"wp-block-image size-full\"><img loading=\"lazy\" decoding=\"async\" width=\"255\" height=\"170\" src=\"http:\/\/cremagest.com\/wp-content\/uploads\/2025\/10\/service-02.png\" alt=\"\" class=\"wp-image-61\"\/><\/figure>\n\n\n\n<h4 class=\"wp-block-heading has-palette-color-8-color has-text-color has-link-color wp-elements-40c3dd94b0cbf8e85e38ec0c527b3285\">Formazione in loco<\/h4>\n\n\n\n<p>4 ore in loco (5 persone) + 8 ore di supporto remoto<\/p>\n<\/div>\n\n\n\n<div class=\"wp-block-column has-palette-color-8-color has-text-color has-link-color wp-elements-576b79182b2eb64f2c1237475364fbcd is-layout-flow wp-block-column-is-layout-flow\">\n<h2 class=\"wp-block-heading has-text-align-left has-palette-color-8-color has-text-color has-link-color has-x-large-font-size wp-elements-af7507e29cc3b2da9b14c4740e3c1845\">3.<\/h2>\n\n\n\n<figure class=\"wp-block-image size-full\"><img loading=\"lazy\" decoding=\"async\" width=\"255\" height=\"170\" src=\"http:\/\/cremagest.com\/wp-content\/uploads\/2025\/10\/service-03.png\" alt=\"\" class=\"wp-image-62\"\/><\/figure>\n\n\n\n<h4 class=\"wp-block-heading has-palette-color-8-color has-text-color has-link-color wp-elements-2abaf6fbe88165ef812908df648e19b9\">Supporto funzionale<\/h4>\n\n\n\n<p>Supporto via e-mail e telefono &#8220;come usare&#8221; (opzione)<\/p>\n<\/div>\n\n\n\n<div class=\"wp-block-column has-palette-color-8-color has-text-color has-link-color wp-elements-991acb2c82fa1eecd37e56761af1cf27 is-layout-flow wp-block-column-is-layout-flow\">\n<h2 class=\"wp-block-heading has-text-align-left has-palette-color-8-color has-text-color has-link-color has-x-large-font-size wp-elements-1321780bb1191bf0e54f9c6309925250\">4.<\/h2>\n\n\n\n<figure class=\"wp-block-image size-full\"><img loading=\"lazy\" decoding=\"async\" width=\"255\" height=\"170\" src=\"http:\/\/cremagest.com\/wp-content\/uploads\/2025\/10\/service-04.png\" alt=\"\" class=\"wp-image-63\"\/><\/figure>\n\n\n\n<h4 class=\"wp-block-heading has-palette-color-8-color has-text-color has-link-color wp-elements-3af0b35630c80c9bec8a5cb3ac42d903\">Evoluzione del software<\/h4>\n\n\n\n<p>Evoluzione continua rispetto alle esigenze degli utenti<\/p>\n<\/div>\n<\/div>\n\n\n\n<div class=\"wp-block-buttons is-content-justification-center is-layout-flex wp-container-core-buttons-is-layout-c936322e wp-block-buttons-is-layout-flex\" style=\"padding-top:var(--wp--preset--spacing--40);padding-bottom:var(--wp--preset--spacing--40)\">\n<div class=\"wp-block-button is-style-fill\"><a class=\"wp-block-button__link has-medium-font-size has-text-align-center has-custom-font-size wp-element-button\" href=\"https:\/\/cremagest.com\/it\/implementazione\/\" style=\"border-style:none;border-width:0px;padding-top:var(--wp--preset--spacing--40);padding-bottom:var(--wp--preset--spacing--40)\"><strong>i nostri Servizi<\/strong><\/a><\/div>\n<\/div>\n<\/div>\n\n<div style=\"height:58px\" aria-hidden=\"true\" class=\"wp-block-spacer\"><\/div>\n\n<div class=\"wp-block-group is-layout-constrained wp-block-group-is-layout-constrained\">\n<h1 class=\"wp-block-heading\">Benefici<\/h1>\n\n\n\n<div class=\"wp-block-columns has-small-font-size is-layout-flex wp-container-core-columns-is-layout-28f84493 wp-block-columns-is-layout-flex\">\n<div class=\"wp-block-column is-layout-constrained wp-block-column-is-layout-constrained\">\n<figure class=\"wp-block-image aligncenter size-large is-resized has-custom-border\"><img loading=\"lazy\" decoding=\"async\" width=\"94\" height=\"100\" src=\"https:\/\/cremagest.com\/wp-content\/uploads\/2025\/10\/index.svg\" alt=\"\" class=\"wp-image-96\" style=\"border-style:none;border-width:0px;width:auto;height:90px\"\/><\/figure>\n\n\n\n<h4 class=\"wp-block-heading alignwide has-text-align-center\">Portabilit\u00e0<\/h4>\n<\/div>\n\n\n\n<div class=\"wp-block-column is-layout-flow wp-block-column-is-layout-flow\">\n<figure class=\"wp-block-image aligncenter size-large is-resized\"><img loading=\"lazy\" decoding=\"async\" width=\"100\" height=\"110\" src=\"https:\/\/cremagest.com\/wp-content\/uploads\/2025\/10\/icon-centralisation.svg\" alt=\"\" class=\"wp-image-97\" style=\"width:auto;height:90px\"\/><\/figure>\n\n\n\n<h4 class=\"wp-block-heading has-text-align-center\">Centralizzazione<\/h4>\n<\/div>\n\n\n\n<div class=\"wp-block-column is-layout-flow wp-block-column-is-layout-flow\">\n<figure class=\"wp-block-image aligncenter size-large is-resized\"><img loading=\"lazy\" decoding=\"async\" width=\"98\" height=\"98\" src=\"https:\/\/cremagest.com\/wp-content\/uploads\/2025\/10\/solution.svg\" alt=\"\" class=\"wp-image-98\" style=\"width:auto;height:90px\"\/><\/figure>\n\n\n\n<h4 class=\"wp-block-heading has-text-align-center\">Modularit\u00e0<\/h4>\n<\/div>\n\n\n\n<div class=\"wp-block-column is-layout-flow wp-block-column-is-layout-flow\">\n<figure class=\"wp-block-image aligncenter size-large is-resized\"><img loading=\"lazy\" decoding=\"async\" width=\"80\" height=\"100\" src=\"https:\/\/cremagest.com\/wp-content\/uploads\/2025\/10\/icon-pertinence.svg\" alt=\"\" class=\"wp-image-99\" style=\"width:auto;height:90px\"\/><\/figure>\n\n\n\n<h4 class=\"wp-block-heading has-text-align-center\">Pertinenza<\/h4>\n<\/div>\n\n\n\n<div class=\"wp-block-column is-layout-flow wp-block-column-is-layout-flow\">\n<figure class=\"wp-block-image aligncenter size-large is-resized\"><img loading=\"lazy\" decoding=\"async\" width=\"70\" height=\"93\" src=\"https:\/\/cremagest.com\/wp-content\/uploads\/2025\/10\/fiablilite.svg\" alt=\"\" class=\"wp-image-100\" style=\"width:auto;height:90px\"\/><\/figure>\n\n\n\n<h4 class=\"wp-block-heading has-text-align-center\">Affidabilit\u00e0<\/h4>\n<\/div>\n<\/div>\n<\/div>\n\n<div style=\"height:60px\" aria-hidden=\"true\" class=\"wp-block-spacer\"><\/div>\n\n<figure class=\"wp-block-video\"><video controls=\"\" loop=\"\" src=\"http:\/\/cremagest.com\/wp-content\/uploads\/2025\/11\/Nov-2025-s.mp4\" playsinline=\"\"><\/video><\/figure>\n","protected":false},"excerpt":{"rendered":"<p>CREMAGEST riunisce tutte le attivit\u00e0 amministrative in un unico posto, cos\u00ec che i tuoi team possano gestire cerimonie, orari e informazioni familiari senza perdere tempo. Con un&#8217;interfaccia chiara e accessibile da qualsiasi luogo, puoi ridurre gli errori e migliorare la qualit\u00e0 del servizio offerto alle famiglie. CREMAGEST vi offre una soluzione completa e intuitiva che [&hellip;]<\/p>\n","protected":false},"author":1,"featured_media":0,"parent":0,"menu_order":0,"comment_status":"closed","ping_status":"closed","template":"","meta":{"inline_featured_image":false,"footnotes":""},"class_list":["post-353","page","type-page","status-publish","hentry"],"blocksy_meta":[],"_links":{"self":[{"href":"https:\/\/cremagest.com\/it\/wp-json\/wp\/v2\/pages\/353","targetHints":{"allow":["GET"]}}],"collection":[{"href":"https:\/\/cremagest.com\/it\/wp-json\/wp\/v2\/pages"}],"about":[{"href":"https:\/\/cremagest.com\/it\/wp-json\/wp\/v2\/types\/page"}],"author":[{"embeddable":true,"href":"https:\/\/cremagest.com\/it\/wp-json\/wp\/v2\/users\/1"}],"replies":[{"embeddable":true,"href":"https:\/\/cremagest.com\/it\/wp-json\/wp\/v2\/comments?post=353"}],"version-history":[{"count":6,"href":"https:\/\/cremagest.com\/it\/wp-json\/wp\/v2\/pages\/353\/revisions"}],"predecessor-version":[{"id":414,"href":"https:\/\/cremagest.com\/it\/wp-json\/wp\/v2\/pages\/353\/revisions\/414"}],"wp:attachment":[{"href":"https:\/\/cremagest.com\/it\/wp-json\/wp\/v2\/media?parent=353"}],"curies":[{"name":"wp","href":"https:\/\/api.w.org\/{rel}","templated":true}]}}