{"id":333,"date":"2025-10-29T12:20:01","date_gmt":"2025-10-29T12:20:01","guid":{"rendered":"https:\/\/cremagest.com\/benefici\/"},"modified":"2025-11-07T10:27:46","modified_gmt":"2025-11-07T10:27:46","slug":"benefici","status":"publish","type":"page","link":"https:\/\/cremagest.com\/it\/benefici\/","title":{"rendered":"Benefici"},"content":{"rendered":"\n<div class=\"wp-block-columns is-layout-flex wp-container-core-columns-is-layout-28f84493 wp-block-columns-is-layout-flex\">\n<div class=\"wp-block-column is-layout-flow wp-block-column-is-layout-flow\">\n<figure class=\"wp-block-image size-large\"><img loading=\"lazy\" decoding=\"async\" width=\"403\" height=\"324\" src=\"https:\/\/cremagest.com\/wp-content\/uploads\/2025\/10\/poratbilite-illustration.svg\" alt=\"\" class=\"wp-image-118\"\/><\/figure>\n<\/div>\n\n\n\n<div class=\"wp-block-column is-layout-flow wp-block-column-is-layout-flow\">\n<h2 class=\"wp-block-heading\">Portabilit\u00e0<\/h2>\n\n\n\n<p>Portabilit\u00e0, centralizzazione delle informazioni&#8230; tutti elementi fondamentali per la gestione della tua attivit\u00e0. Cremagest ti offre tutti questi vantaggi e molto altro ancora. <\/p>\n\n\n\n<ul class=\"wp-block-list\">\n<li>Applicazione web quindi disponibile 24\/7<\/li>\n\n\n\n<li>Accessibile tramite computer o telefono cellulare (nessun download)<\/li>\n\n\n\n<li>Hai sempre accesso, da qualsiasi luogo<\/li>\n<\/ul>\n<\/div>\n<\/div>\n\n<div style=\"height:100px\" aria-hidden=\"true\" class=\"wp-block-spacer\"><\/div>\n\n<div class=\"wp-block-columns is-layout-flex wp-container-core-columns-is-layout-28f84493 wp-block-columns-is-layout-flex\">\n<div class=\"wp-block-column is-layout-flow wp-block-column-is-layout-flow\">\n<h2 class=\"wp-block-heading\">Centralizzazione<\/h2>\n\n\n\n<p>La <strong>centralizzazione delle informazioni<\/strong> \u00e8 altrettanto cruciale. Ci\u00f2 consente a tutti i tuoi dipendenti di accedervi facilmente e ti consente di aumentare la tua efficienza formando i tuoi dipendenti all&#8217;utilizzo di uno strumento comune. <\/p>\n\n\n\n<ul class=\"wp-block-list\">\n<li>Tutte le informazioni di cui hai bisogno sono disponibili in un unico posto<\/li>\n\n\n\n<li>Anche per i familiari, per le pompe funebri: i tuoi clienti sanno dove trovare le informazioni di cui hanno bisogno<\/li>\n\n\n\n<li>Opzionalmente, possiamo esportare la tua cronologia nel tuo database Cremagest (dopo l&#8217;analisi)<\/li>\n<\/ul>\n<\/div>\n\n\n\n<div class=\"wp-block-column is-layout-flow wp-block-column-is-layout-flow\">\n<figure class=\"wp-block-image size-large\"><img loading=\"lazy\" decoding=\"async\" width=\"527\" height=\"324\" src=\"https:\/\/cremagest.com\/wp-content\/uploads\/2025\/10\/centralisation-illustration.svg\" alt=\"\" class=\"wp-image-124\"\/><\/figure>\n<\/div>\n<\/div>\n\n<div style=\"height:100px\" aria-hidden=\"true\" class=\"wp-block-spacer\"><\/div>\n\n<div class=\"wp-block-columns is-layout-flex wp-container-core-columns-is-layout-28f84493 wp-block-columns-is-layout-flex\">\n<div class=\"wp-block-column is-layout-flow wp-block-column-is-layout-flow\">\n<figure class=\"wp-block-image size-large\"><img loading=\"lazy\" decoding=\"async\" width=\"381\" height=\"324\" src=\"https:\/\/cremagest.com\/wp-content\/uploads\/2025\/10\/modularite-illustration.svg\" alt=\"\" class=\"wp-image-128\"\/><\/figure>\n<\/div>\n\n\n\n<div class=\"wp-block-column is-layout-flow wp-block-column-is-layout-flow\">\n<h2 class=\"wp-block-heading\">Modularit\u00e0<\/h2>\n\n\n\n<p>Il software Cremagest \u00e8 composto da moduli e quindi personalizzabile, in modo da soddisfare le tue esatte esigenze.<\/p>\n\n\n\n<ul class=\"wp-block-list\">\n<li>Tutto ci\u00f2 di cui hai bisogno<\/li>\n\n\n\n<li>Solo ci\u00f2 di cui hai bisogno<\/li>\n<\/ul>\n<\/div>\n<\/div>\n\n<div style=\"height:100px\" aria-hidden=\"true\" class=\"wp-block-spacer\"><\/div>\n\n<div class=\"wp-block-columns is-layout-flex wp-container-core-columns-is-layout-28f84493 wp-block-columns-is-layout-flex\">\n<div class=\"wp-block-column is-layout-flow wp-block-column-is-layout-flow\">\n<h2 class=\"wp-block-heading\">Pertinenza<\/h2>\n\n\n\n<p>L&#8217;applicazione Cremagest nasce per rispondere alle precise esigenze del business, richieste provenienti da professionisti motivati dall&#8217;utilizzo quotidiano di una soluzione tecnologica integrata.<\/p>\n\n\n\n<ul class=\"wp-block-list\">\n<li>Sviluppato in collaborazione con esperti del settore<\/li>\n\n\n\n<li>Migliorato negli ultimi 15 anni con questi stessi esperti<\/li>\n\n\n\n<li>Padronanza delle competenze interne<\/li>\n<\/ul>\n<\/div>\n\n\n\n<div class=\"wp-block-column is-layout-flow wp-block-column-is-layout-flow\">\n<figure class=\"wp-block-image size-large\"><img loading=\"lazy\" decoding=\"async\" width=\"539\" height=\"324\" src=\"https:\/\/cremagest.com\/wp-content\/uploads\/2025\/10\/pertinance-illustration.svg\" alt=\"\" class=\"wp-image-130\"\/><\/figure>\n<\/div>\n<\/div>\n\n<div style=\"height:100px\" aria-hidden=\"true\" class=\"wp-block-spacer\"><\/div>\n\n<div class=\"wp-block-columns is-layout-flex wp-container-core-columns-is-layout-28f84493 wp-block-columns-is-layout-flex\">\n<div class=\"wp-block-column is-layout-flow wp-block-column-is-layout-flow\">\n<figure class=\"wp-block-image size-large\"><img loading=\"lazy\" decoding=\"async\" width=\"540\" height=\"324\" src=\"https:\/\/cremagest.com\/wp-content\/uploads\/2025\/10\/fiabilite-illustration.svg\" alt=\"\" class=\"wp-image-133\"\/><\/figure>\n<\/div>\n\n\n\n<div class=\"wp-block-column is-layout-flow wp-block-column-is-layout-flow\">\n<h2 class=\"wp-block-heading\">Affidabilit\u00e0<\/h2>\n\n\n\n<p>Cremagest ha dimostrato la sua affidabilit\u00e0 nel corso degli anni in molti crematori belgi e francesi.<\/p>\n\n\n\n<ul class=\"wp-block-list\">\n<li>Attualmente operativo in 29 stabilimenti (francesi e belgi)<\/li>\n\n\n\n<li>Online dal 2008<\/li>\n<\/ul>\n<\/div>\n<\/div>\n\n<div style=\"height:100px\" aria-hidden=\"true\" class=\"wp-block-spacer\"><\/div>\n\n<figure class=\"wp-block-image aligncenter size-large is-resized\"><img loading=\"lazy\" decoding=\"async\" width=\"1024\" height=\"886\" src=\"https:\/\/cremagest.com\/wp-content\/uploads\/2025\/10\/image-1-1024x886.png\" alt=\"\" class=\"wp-image-138\" style=\"width:1126px;height:auto\" srcset=\"https:\/\/cremagest.com\/wp-content\/uploads\/2025\/10\/image-1-1024x886.png 1024w, https:\/\/cremagest.com\/wp-content\/uploads\/2025\/10\/image-1-300x259.png 300w, https:\/\/cremagest.com\/wp-content\/uploads\/2025\/10\/image-1-768x664.png 768w, https:\/\/cremagest.com\/wp-content\/uploads\/2025\/10\/image-1-1536x1329.png 1536w, https:\/\/cremagest.com\/wp-content\/uploads\/2025\/10\/image-1-2048x1772.png 2048w\" sizes=\"auto, (max-width: 1024px) 100vw, 1024px\" \/><\/figure>\n\n<p><\/p>\n","protected":false},"excerpt":{"rendered":"<p>Portabilit\u00e0 Portabilit\u00e0, centralizzazione delle informazioni&#8230; tutti elementi fondamentali per la gestione della tua attivit\u00e0. Cremagest ti offre tutti questi vantaggi e molto altro ancora. Centralizzazione La centralizzazione delle informazioni \u00e8 altrettanto cruciale. Ci\u00f2 consente a tutti i tuoi dipendenti di accedervi facilmente e ti consente di aumentare la tua efficienza formando i tuoi dipendenti all&#8217;utilizzo [&hellip;]<\/p>\n","protected":false},"author":1,"featured_media":0,"parent":0,"menu_order":0,"comment_status":"closed","ping_status":"closed","template":"","meta":{"inline_featured_image":false,"footnotes":""},"class_list":["post-333","page","type-page","status-publish","hentry"],"blocksy_meta":[],"_links":{"self":[{"href":"https:\/\/cremagest.com\/it\/wp-json\/wp\/v2\/pages\/333","targetHints":{"allow":["GET"]}}],"collection":[{"href":"https:\/\/cremagest.com\/it\/wp-json\/wp\/v2\/pages"}],"about":[{"href":"https:\/\/cremagest.com\/it\/wp-json\/wp\/v2\/types\/page"}],"author":[{"embeddable":true,"href":"https:\/\/cremagest.com\/it\/wp-json\/wp\/v2\/users\/1"}],"replies":[{"embeddable":true,"href":"https:\/\/cremagest.com\/it\/wp-json\/wp\/v2\/comments?post=333"}],"version-history":[{"count":1,"href":"https:\/\/cremagest.com\/it\/wp-json\/wp\/v2\/pages\/333\/revisions"}],"predecessor-version":[{"id":345,"href":"https:\/\/cremagest.com\/it\/wp-json\/wp\/v2\/pages\/333\/revisions\/345"}],"wp:attachment":[{"href":"https:\/\/cremagest.com\/it\/wp-json\/wp\/v2\/media?parent=333"}],"curies":[{"name":"wp","href":"https:\/\/api.w.org\/{rel}","templated":true}]}}