{"id":385,"date":"2025-10-24T06:07:40","date_gmt":"2025-10-24T06:07:40","guid":{"rendered":"https:\/\/cremagest.com\/software-de-gestion-para-crematorios\/"},"modified":"2025-12-22T14:26:15","modified_gmt":"2025-12-22T14:26:15","slug":"software-de-gestion-para-crematorios","status":"publish","type":"page","link":"https:\/\/cremagest.com\/es\/","title":{"rendered":"Software de gesti\u00f3n para crematorios"},"content":{"rendered":"\n<div class=\"wp-block-columns is-layout-flex wp-container-core-columns-is-layout-28f84493 wp-block-columns-is-layout-flex\">\n<div class=\"wp-block-column is-content-justification-center is-layout-constrained wp-block-column-is-layout-constrained\" style=\"flex-basis:40%\">\n<div class=\"wp-block-group is-layout-constrained wp-block-group-is-layout-constrained\">\n<div class=\"wp-block-group is-vertical is-content-justification-center is-layout-flex wp-container-core-group-is-layout-ce155fab wp-block-group-is-layout-flex\">\n<p><strong>CREMAGEST<\/strong> re\u00fane todas las tareas administrativas en un solo lugar para que tus equipos puedan gestionar ceremonias, horarios e informaci\u00f3n familiar sin perder tiempo. Con una interfaz clara y accesible desde cualquier lugar, puedes reducir errores y mejorar la calidad del servicio que se ofrece a las familias. <\/p>\n\n\n\n<p><strong>CREMAGEST<\/strong> le ofrece una soluci\u00f3n completa e intuitiva que le permite centrarse en su negocio m\u00e1s que en sus tareas administrativas. Las familias se benefician as\u00ed de un servicio profesional e integral que se centra en la dimensi\u00f3n humana y se apoya discretamente en la tecnolog\u00eda. <\/p>\n\n\n\n<p><strong>CREMAGEST<\/strong> es una soluci\u00f3n integrada \u00abtodo en uno\u00bb que permite a los crematorios centralizar la gesti\u00f3n de sus actividades.<\/p>\n\n\n\n<div style=\"height:0px\" aria-hidden=\"true\" class=\"wp-block-spacer wp-container-content-9760934e\"><\/div>\n\n\n\n<div class=\"wp-block-buttons has-custom-font-size has-small-font-size is-content-justification-center is-nowrap is-layout-flex wp-container-core-buttons-is-layout-eed927ef wp-block-buttons-is-layout-flex\" style=\"margin-top:0;margin-bottom:0;padding-top:0;padding-bottom:0\">\n<div class=\"wp-block-button has-custom-width wp-block-button__width-100 is-style-fill\"><a class=\"wp-block-button__link has-medium-font-size has-custom-font-size wp-element-button\" href=\"https:\/\/cremagest.com\/es\/contactenos\/\" style=\"padding-top:var(--wp--preset--spacing--30);padding-right:var(--wp--preset--spacing--80);padding-bottom:var(--wp--preset--spacing--30);padding-left:var(--wp--preset--spacing--80)\">Cont\u00e1ctenos<\/a><\/div>\n<\/div>\n<\/div>\n<\/div>\n<\/div>\n\n\n\n<div class=\"wp-block-column is-layout-constrained wp-block-column-is-layout-constrained\" style=\"flex-basis:60%\">\n<figure class=\"wp-block-image aligncenter size-large\" style=\"margin-top:0;margin-bottom:0\"><img loading=\"lazy\" decoding=\"async\" width=\"1024\" height=\"545\" src=\"https:\/\/cremagest.com\/wp-content\/uploads\/2025\/10\/mbpro-mockup-2048x1089-1-1024x545.png\" alt=\"\" class=\"wp-image-176\" style=\"box-shadow:none;object-fit:cover\" srcset=\"https:\/\/cremagest.com\/wp-content\/uploads\/2025\/10\/mbpro-mockup-2048x1089-1-1024x545.png 1024w, https:\/\/cremagest.com\/wp-content\/uploads\/2025\/10\/mbpro-mockup-2048x1089-1-300x160.png 300w, https:\/\/cremagest.com\/wp-content\/uploads\/2025\/10\/mbpro-mockup-2048x1089-1-768x408.png 768w, https:\/\/cremagest.com\/wp-content\/uploads\/2025\/10\/mbpro-mockup-2048x1089-1-1536x817.png 1536w, https:\/\/cremagest.com\/wp-content\/uploads\/2025\/10\/mbpro-mockup-2048x1089-1.png 1600w\" sizes=\"auto, (max-width: 1024px) 100vw, 1024px\" \/><\/figure>\n<\/div>\n<\/div>\n\n<h1 class=\"wp-block-heading has-text-align-center\">Funciones<\/h1>\n\n<div class=\"wp-block-group is-layout-constrained wp-container-core-group-is-layout-7a346fb0 wp-block-group-is-layout-constrained\">\n<p class=\"has-text-align-center\">Cremagest te ofrece una soluci\u00f3n completa e intuitiva que te permite centrarte en tu negocio y no en tus tareas administrativas. Las familias se benefician as\u00ed de un servicio profesional e integral que se centra en la dimensi\u00f3n humana y se apoya discretamente en la tecnolog\u00eda. <\/p>\n<\/div>\n\n<div class=\"wp-block-group is-layout-constrained wp-block-group-is-layout-constrained\">\n<div class=\"wp-block-columns is-layout-flex wp-container-core-columns-is-layout-28f84493 wp-block-columns-is-layout-flex\">\n<div class=\"wp-block-column is-layout-constrained wp-block-column-is-layout-constrained\">\n<figure class=\"wp-block-image size-large\"><img loading=\"lazy\" decoding=\"async\" width=\"40\" height=\"40\" src=\"https:\/\/cremagest.com\/wp-content\/uploads\/2025\/10\/icon-statistiques.svg\" alt=\"\" class=\"wp-image-46\"\/><\/figure>\n\n\n\n<h3 class=\"wp-block-heading\">Gesti\u00f3n de facturaci\u00f3n<\/h3>\n\n\n\n<p>Listado de facturas abiertas, notas de cr\u00e9dito, gesti\u00f3n de l\u00edmites de cr\u00e9dito y sobrepagos&#8230; Cremagest dispone de un completo m\u00f3dulo de gesti\u00f3n de facturaci\u00f3n.<\/p>\n<\/div>\n\n\n\n<div class=\"wp-block-column is-layout-constrained wp-block-column-is-layout-constrained\">\n<figure class=\"wp-block-image size-large\"><img loading=\"lazy\" decoding=\"async\" width=\"40\" height=\"40\" src=\"https:\/\/cremagest.com\/wp-content\/uploads\/2025\/10\/icon-agenda.svg\" alt=\"\" class=\"wp-image-47\"\/><\/figure>\n\n\n\n<h3 class=\"wp-block-heading\">Agenda de la ceremonia<\/h3>\n\n\n\n<p>La reserva de habitaciones permite la confirmaci\u00f3n inmediata con la familia. Adem\u00e1s, el calendario centraliza la informaci\u00f3n sobre ceremonias y otras reservas de una manera clara e intuitiva. <\/p>\n<\/div>\n\n\n\n<div class=\"wp-block-column is-layout-constrained wp-block-column-is-layout-constrained\">\n<figure class=\"wp-block-image size-large\"><img loading=\"lazy\" decoding=\"async\" width=\"45\" height=\"39\" src=\"https:\/\/cremagest.com\/wp-content\/uploads\/2025\/10\/icon-rapport.svg\" alt=\"\" class=\"wp-image-49\"\/><\/figure>\n\n\n\n<h3 class=\"wp-block-heading\">Estad\u00edsticas en tiempo real<\/h3>\n\n\n\n<p>Las estad\u00edsticas de CA y cremaci\u00f3n se pueden ver en tiempo real, as\u00ed como el seguimiento de ata\u00fades y actividades.<\/p>\n<\/div>\n<\/div>\n\n\n\n<div class=\"wp-block-columns is-layout-flex wp-container-core-columns-is-layout-28f84493 wp-block-columns-is-layout-flex\">\n<div class=\"wp-block-column is-layout-constrained wp-block-column-is-layout-constrained\">\n<figure class=\"wp-block-image size-large\"><img loading=\"lazy\" decoding=\"async\" width=\"44\" height=\"43\" src=\"https:\/\/cremagest.com\/wp-content\/uploads\/2025\/10\/icon-multisites-1.svg\" alt=\"\" class=\"wp-image-51\"\/><\/figure>\n\n\n\n<h3 class=\"wp-block-heading\">Sistema de informes<\/h3>\n\n\n\n<p class=\"wp-container-content-69bc4bdf\">Los informes estad\u00edsticos personalizables le permiten ver solo la informaci\u00f3n que necesita.<\/p>\n<\/div>\n\n\n\n<div class=\"wp-block-column is-layout-constrained wp-block-column-is-layout-constrained\">\n<figure class=\"wp-block-image size-large\"><img loading=\"lazy\" decoding=\"async\" width=\"35\" height=\"41\" src=\"https:\/\/cremagest.com\/wp-content\/uploads\/2025\/10\/group-icon-facture.svg\" alt=\"\" class=\"wp-image-52\"\/><\/figure>\n\n\n\n<h3 class=\"wp-block-heading\">Multisitio<\/h3>\n\n\n\n<p>Para los consorcios, est\u00e1 disponible la gesti\u00f3n centralizada de m\u00faltiples crematorios, lo que permite a todos los operadores en diferentes sitios acceder a la misma aplicaci\u00f3n.<\/p>\n<\/div>\n\n\n\n<div class=\"wp-block-column is-layout-constrained wp-block-column-is-layout-constrained\">\n<figure class=\"wp-block-image size-large\"><img loading=\"lazy\" decoding=\"async\" width=\"39\" height=\"45\" src=\"https:\/\/cremagest.com\/wp-content\/uploads\/2025\/10\/access.svg\" alt=\"\" class=\"wp-image-53\"\/><\/figure>\n\n\n\n<h3 class=\"wp-block-heading\">Funerarias<\/h3>\n\n\n\n<p>Si lo deseas, puedes abrir el acceso a tu Cremagest a las funerarias con las que trabajas. Luego podr\u00e1n hacer reservas para ceremonias directamente. <\/p>\n<\/div>\n<\/div>\n<\/div>\n\n<div style=\"height:46px\" aria-hidden=\"true\" class=\"wp-block-spacer\"><\/div>\n\n<div class=\"wp-block-group has-background is-layout-constrained wp-container-core-group-is-layout-c8ee93ac wp-block-group-is-layout-constrained\" style=\"background:linear-gradient(90deg,rgb(255,183,0) 0%,rgb(255,148,0) 100%);padding-right:var(--wp--preset--spacing--70);padding-left:var(--wp--preset--spacing--70);box-shadow:var(--wp--preset--shadow--natural)\">\n<div class=\"wp-block-group is-layout-constrained wp-block-group-is-layout-constrained\">\n<h1 class=\"wp-block-heading has-palette-color-8-color has-text-color has-link-color wp-elements-1d324c4f5b5c31b0d15917c970d9887c\">Soporte al usuario<\/h1>\n\n\n\n<p class=\"has-palette-color-8-color has-text-color has-link-color wp-elements-e1cbcef77db8f9d1bedc916dad4a4c71\">\u00bfTe interesa Cremagest? \u00a1La implementaci\u00f3n del software es posible en solo 12 semanas! Una vez que la aplicaci\u00f3n est\u00e1 en su lugar, lo ayudamos tanto t\u00e9cnica como funcionalmente.  <\/p>\n<\/div>\n\n\n\n<div class=\"wp-block-columns is-layout-flex wp-container-core-columns-is-layout-28f84493 wp-block-columns-is-layout-flex\">\n<div class=\"wp-block-column has-palette-color-8-color has-text-color has-link-color wp-elements-f2916966627d382c64e956d7cf996203 is-layout-flow wp-block-column-is-layout-flow\">\n<h2 class=\"wp-block-heading has-text-align-left has-palette-color-8-color has-text-color has-link-color has-x-large-font-size wp-elements-57fb12735498109c379721546035719d\">1.<\/h2>\n\n\n\n<figure class=\"wp-block-image size-full\"><img loading=\"lazy\" decoding=\"async\" width=\"255\" height=\"170\" src=\"http:\/\/cremagest.com\/wp-content\/uploads\/2025\/10\/service-01.png\" alt=\"\" class=\"wp-image-60\"\/><\/figure>\n\n\n\n<h4 class=\"wp-block-heading has-palette-color-8-color has-text-color has-link-color wp-elements-bcc6743af4485b2b2821418a683ac3be\">Reuni\u00f3n de lanzamiento<\/h4>\n\n\n\n<p>Descripci\u00f3n general de las caracter\u00edsticas gen\u00e9ricas<\/p>\n<\/div>\n\n\n\n<div class=\"wp-block-column has-palette-color-8-color has-text-color has-link-color wp-elements-f7cb106b71aec7bd8a3328b822aaf910 is-layout-flow wp-block-column-is-layout-flow\">\n<h2 class=\"wp-block-heading has-text-align-left has-palette-color-8-color has-text-color has-link-color has-x-large-font-size wp-elements-44d2ff9dcd161c876df1ba1f81bf79ea\">2.<\/h2>\n\n\n\n<figure class=\"wp-block-image size-full\"><img loading=\"lazy\" decoding=\"async\" width=\"255\" height=\"170\" src=\"http:\/\/cremagest.com\/wp-content\/uploads\/2025\/10\/service-02.png\" alt=\"\" class=\"wp-image-61\"\/><\/figure>\n\n\n\n<h4 class=\"wp-block-heading has-palette-color-8-color has-text-color has-link-color wp-elements-a21523fe4fc35a061cfb01040614ea21\">Capacitaci\u00f3n in situ<\/h4>\n\n\n\n<p>4 horas presenciales (5 personas) + 8 horas de soporte remoto<\/p>\n<\/div>\n\n\n\n<div class=\"wp-block-column has-palette-color-8-color has-text-color has-link-color wp-elements-e0ba972f8334a6b196362344e0107ae2 is-layout-flow wp-block-column-is-layout-flow\">\n<h2 class=\"wp-block-heading has-text-align-left has-palette-color-8-color has-text-color has-link-color has-x-large-font-size wp-elements-af7507e29cc3b2da9b14c4740e3c1845\">3.<\/h2>\n\n\n\n<figure class=\"wp-block-image size-full\"><img loading=\"lazy\" decoding=\"async\" width=\"255\" height=\"170\" src=\"http:\/\/cremagest.com\/wp-content\/uploads\/2025\/10\/service-03.png\" alt=\"\" class=\"wp-image-62\"\/><\/figure>\n\n\n\n<h4 class=\"wp-block-heading has-palette-color-8-color has-text-color has-link-color wp-elements-6dbdf7917c73a3a9604b8977c3f9d36b\">Soporte funcional<\/h4>\n\n\n\n<p>Soporte por correo electr\u00f3nico y tel\u00e9fono \u00abc\u00f3mo usar\u00bb (opci\u00f3n)<\/p>\n<\/div>\n\n\n\n<div class=\"wp-block-column has-palette-color-8-color has-text-color has-link-color wp-elements-79f08f564a17e5815258acfda99916c3 is-layout-flow wp-block-column-is-layout-flow\">\n<h2 class=\"wp-block-heading has-text-align-left has-palette-color-8-color has-text-color has-link-color has-x-large-font-size wp-elements-1321780bb1191bf0e54f9c6309925250\">4.<\/h2>\n\n\n\n<figure class=\"wp-block-image size-full\"><img loading=\"lazy\" decoding=\"async\" width=\"255\" height=\"170\" src=\"http:\/\/cremagest.com\/wp-content\/uploads\/2025\/10\/service-04.png\" alt=\"\" class=\"wp-image-63\"\/><\/figure>\n\n\n\n<h4 class=\"wp-block-heading has-palette-color-8-color has-text-color has-link-color wp-elements-c8bd513d70583f1160a594a7d8484506\">Evoluci\u00f3n del software<\/h4>\n\n\n\n<p>Evoluci\u00f3n continua frente a las necesidades de los usuarios<\/p>\n<\/div>\n<\/div>\n\n\n\n<div class=\"wp-block-buttons is-content-justification-center is-layout-flex wp-container-core-buttons-is-layout-c936322e wp-block-buttons-is-layout-flex\" style=\"padding-top:var(--wp--preset--spacing--40);padding-bottom:var(--wp--preset--spacing--40)\">\n<div class=\"wp-block-button is-style-fill\"><a class=\"wp-block-button__link has-medium-font-size has-text-align-center has-custom-font-size wp-element-button\" href=\"https:\/\/cremagest.com\/es\/implementacion\/\" style=\"border-style:none;border-width:0px;padding-top:var(--wp--preset--spacing--40);padding-bottom:var(--wp--preset--spacing--40)\"><strong>Nuestros Servicios<\/strong><\/a><\/div>\n<\/div>\n<\/div>\n\n<div style=\"height:58px\" aria-hidden=\"true\" class=\"wp-block-spacer\"><\/div>\n\n<div class=\"wp-block-group is-layout-constrained wp-block-group-is-layout-constrained\">\n<h1 class=\"wp-block-heading\">Beneficios<\/h1>\n\n\n\n<div class=\"wp-block-columns has-small-font-size is-layout-flex wp-container-core-columns-is-layout-28f84493 wp-block-columns-is-layout-flex\">\n<div class=\"wp-block-column is-layout-constrained wp-block-column-is-layout-constrained\">\n<figure class=\"wp-block-image aligncenter size-large is-resized has-custom-border\"><img loading=\"lazy\" decoding=\"async\" width=\"94\" height=\"100\" src=\"https:\/\/cremagest.com\/wp-content\/uploads\/2025\/10\/index.svg\" alt=\"\" class=\"wp-image-96\" style=\"border-style:none;border-width:0px;width:auto;height:90px\"\/><\/figure>\n\n\n\n<h4 class=\"wp-block-heading alignwide has-text-align-center\">Portabilidad<\/h4>\n<\/div>\n\n\n\n<div class=\"wp-block-column is-layout-flow wp-block-column-is-layout-flow\">\n<figure class=\"wp-block-image aligncenter size-large is-resized\"><img loading=\"lazy\" decoding=\"async\" width=\"100\" height=\"110\" src=\"https:\/\/cremagest.com\/wp-content\/uploads\/2025\/10\/icon-centralisation.svg\" alt=\"\" class=\"wp-image-97\" style=\"width:auto;height:90px\"\/><\/figure>\n\n\n\n<h4 class=\"wp-block-heading has-text-align-center\">Centralizaci\u00f3n<\/h4>\n<\/div>\n\n\n\n<div class=\"wp-block-column is-layout-flow wp-block-column-is-layout-flow\">\n<figure class=\"wp-block-image aligncenter size-large is-resized\"><img loading=\"lazy\" decoding=\"async\" width=\"98\" height=\"98\" src=\"https:\/\/cremagest.com\/wp-content\/uploads\/2025\/10\/solution.svg\" alt=\"\" class=\"wp-image-98\" style=\"width:auto;height:90px\"\/><\/figure>\n\n\n\n<h4 class=\"wp-block-heading has-text-align-center\">Modularidad<\/h4>\n<\/div>\n\n\n\n<div class=\"wp-block-column is-layout-flow wp-block-column-is-layout-flow\">\n<figure class=\"wp-block-image aligncenter size-large is-resized\"><img loading=\"lazy\" decoding=\"async\" width=\"80\" height=\"100\" src=\"https:\/\/cremagest.com\/wp-content\/uploads\/2025\/10\/icon-pertinence.svg\" alt=\"\" class=\"wp-image-99\" style=\"width:auto;height:90px\"\/><\/figure>\n\n\n\n<h4 class=\"wp-block-heading has-text-align-center\">Pertinencia<\/h4>\n<\/div>\n\n\n\n<div class=\"wp-block-column is-layout-flow wp-block-column-is-layout-flow\">\n<figure class=\"wp-block-image aligncenter size-large is-resized\"><img loading=\"lazy\" decoding=\"async\" width=\"70\" height=\"93\" src=\"https:\/\/cremagest.com\/wp-content\/uploads\/2025\/10\/fiablilite.svg\" alt=\"\" class=\"wp-image-100\" style=\"width:auto;height:90px\"\/><\/figure>\n\n\n\n<h4 class=\"wp-block-heading has-text-align-center\">Fiabilidad<\/h4>\n<\/div>\n<\/div>\n<\/div>\n\n<div style=\"height:60px\" aria-hidden=\"true\" class=\"wp-block-spacer\"><\/div>\n\n<figure class=\"wp-block-video\"><video controls=\"\" loop=\"\" src=\"http:\/\/cremagest.com\/wp-content\/uploads\/2025\/11\/Nov-2025-s.mp4\" playsinline=\"\"><\/video><\/figure>\n","protected":false},"excerpt":{"rendered":"<p>CREMAGEST re\u00fane todas las tareas administrativas en un solo lugar para que tus equipos puedan gestionar ceremonias, horarios e informaci\u00f3n familiar sin perder tiempo. Con una interfaz clara y accesible desde cualquier lugar, puedes reducir errores y mejorar la calidad del servicio que se ofrece a las familias. CREMAGEST le ofrece una soluci\u00f3n completa e [&hellip;]<\/p>\n","protected":false},"author":1,"featured_media":0,"parent":0,"menu_order":0,"comment_status":"closed","ping_status":"closed","template":"","meta":{"inline_featured_image":false,"footnotes":""},"class_list":["post-385","page","type-page","status-publish","hentry"],"blocksy_meta":[],"_links":{"self":[{"href":"https:\/\/cremagest.com\/es\/wp-json\/wp\/v2\/pages\/385","targetHints":{"allow":["GET"]}}],"collection":[{"href":"https:\/\/cremagest.com\/es\/wp-json\/wp\/v2\/pages"}],"about":[{"href":"https:\/\/cremagest.com\/es\/wp-json\/wp\/v2\/types\/page"}],"author":[{"embeddable":true,"href":"https:\/\/cremagest.com\/es\/wp-json\/wp\/v2\/users\/1"}],"replies":[{"embeddable":true,"href":"https:\/\/cremagest.com\/es\/wp-json\/wp\/v2\/comments?post=385"}],"version-history":[{"count":5,"href":"https:\/\/cremagest.com\/es\/wp-json\/wp\/v2\/pages\/385\/revisions"}],"predecessor-version":[{"id":413,"href":"https:\/\/cremagest.com\/es\/wp-json\/wp\/v2\/pages\/385\/revisions\/413"}],"wp:attachment":[{"href":"https:\/\/cremagest.com\/es\/wp-json\/wp\/v2\/media?parent=385"}],"curies":[{"name":"wp","href":"https:\/\/api.w.org\/{rel}","templated":true}]}}