{"id":347,"date":"2025-10-29T12:20:01","date_gmt":"2025-10-29T12:20:01","guid":{"rendered":"https:\/\/cremagest.com\/beneficios\/"},"modified":"2025-11-07T10:27:48","modified_gmt":"2025-11-07T10:27:48","slug":"beneficios","status":"publish","type":"page","link":"https:\/\/cremagest.com\/es\/beneficios\/","title":{"rendered":"Beneficios"},"content":{"rendered":"\n<div class=\"wp-block-columns is-layout-flex wp-container-core-columns-is-layout-28f84493 wp-block-columns-is-layout-flex\">\n<div class=\"wp-block-column is-layout-flow wp-block-column-is-layout-flow\">\n<figure class=\"wp-block-image size-large\"><img loading=\"lazy\" decoding=\"async\" width=\"403\" height=\"324\" src=\"https:\/\/cremagest.com\/wp-content\/uploads\/2025\/10\/poratbilite-illustration.svg\" alt=\"\" class=\"wp-image-118\"\/><\/figure>\n<\/div>\n\n\n\n<div class=\"wp-block-column is-layout-flow wp-block-column-is-layout-flow\">\n<h2 class=\"wp-block-heading\">Portabilidad<\/h2>\n\n\n\n<p>Portabilidad, centralizaci\u00f3n de la informaci\u00f3n&#8230; todos los cuales son cruciales para la gesti\u00f3n de su negocio. Cremagest te ofrece todas estas ventajas, y mucho m\u00e1s. <\/p>\n\n\n\n<ul class=\"wp-block-list\">\n<li>Por lo tanto, la aplicaci\u00f3n web est\u00e1 disponible las 24 horas del d\u00eda, los 7 d\u00edas de la semana<\/li>\n\n\n\n<li>Accesible a trav\u00e9s de su computadora o tel\u00e9fono m\u00f3vil (sin descarga)<\/li>\n\n\n\n<li>Siempre tienes acceso, desde cualquier lugar<\/li>\n<\/ul>\n<\/div>\n<\/div>\n\n<div style=\"height:100px\" aria-hidden=\"true\" class=\"wp-block-spacer\"><\/div>\n\n<div class=\"wp-block-columns is-layout-flex wp-container-core-columns-is-layout-28f84493 wp-block-columns-is-layout-flex\">\n<div class=\"wp-block-column is-layout-flow wp-block-column-is-layout-flow\">\n<h2 class=\"wp-block-heading\">Centralizaci\u00f3n<\/h2>\n\n\n\n<p>La <strong>centralizaci\u00f3n de la informaci\u00f3n<\/strong> es igual de crucial. Esto permite que todos sus empleados tengan f\u00e1cil acceso a \u00e9l y le permite aumentar su eficiencia al capacitar a sus empleados para que utilicen una herramienta com\u00fan. <\/p>\n\n\n\n<ul class=\"wp-block-list\">\n<li>Toda la informaci\u00f3n que necesitas est\u00e1 disponible en un solo lugar<\/li>\n\n\n\n<li>Tambi\u00e9n para los miembros de la familia, para los directores de funerarias: sus clientes saben d\u00f3nde encontrar la informaci\u00f3n que necesitan<\/li>\n\n\n\n<li>Opcionalmente, podemos exportar su historial a su base de datos de Cremagest (despu\u00e9s del an\u00e1lisis)<\/li>\n<\/ul>\n<\/div>\n\n\n\n<div class=\"wp-block-column is-layout-flow wp-block-column-is-layout-flow\">\n<figure class=\"wp-block-image size-large\"><img loading=\"lazy\" decoding=\"async\" width=\"527\" height=\"324\" src=\"https:\/\/cremagest.com\/wp-content\/uploads\/2025\/10\/centralisation-illustration.svg\" alt=\"\" class=\"wp-image-124\"\/><\/figure>\n<\/div>\n<\/div>\n\n<div style=\"height:100px\" aria-hidden=\"true\" class=\"wp-block-spacer\"><\/div>\n\n<div class=\"wp-block-columns is-layout-flex wp-container-core-columns-is-layout-28f84493 wp-block-columns-is-layout-flex\">\n<div class=\"wp-block-column is-layout-flow wp-block-column-is-layout-flow\">\n<figure class=\"wp-block-image size-large\"><img loading=\"lazy\" decoding=\"async\" width=\"381\" height=\"324\" src=\"https:\/\/cremagest.com\/wp-content\/uploads\/2025\/10\/modularite-illustration.svg\" alt=\"\" class=\"wp-image-128\"\/><\/figure>\n<\/div>\n\n\n\n<div class=\"wp-block-column is-layout-flow wp-block-column-is-layout-flow\">\n<h2 class=\"wp-block-heading\">Modularidad<\/h2>\n\n\n\n<p>El software Cremagest se compone de m\u00f3dulos y, por lo tanto, personalizables, para satisfacer sus necesidades exactas.<\/p>\n\n\n\n<ul class=\"wp-block-list\">\n<li>Todo lo que necesitas<\/li>\n\n\n\n<li>Solo lo que necesitas<\/li>\n<\/ul>\n<\/div>\n<\/div>\n\n<div style=\"height:100px\" aria-hidden=\"true\" class=\"wp-block-spacer\"><\/div>\n\n<div class=\"wp-block-columns is-layout-flex wp-container-core-columns-is-layout-28f84493 wp-block-columns-is-layout-flex\">\n<div class=\"wp-block-column is-layout-flow wp-block-column-is-layout-flow\">\n<h2 class=\"wp-block-heading\">Pertinencia<\/h2>\n\n\n\n<p>La aplicaci\u00f3n Cremagest fue creada para satisfacer las necesidades exactas del negocio, la demanda proviene de profesionales motivados por el uso diario de una soluci\u00f3n tecnol\u00f3gica integrada.<\/p>\n\n\n\n<ul class=\"wp-block-list\">\n<li>Desarrollado en colaboraci\u00f3n con expertos en la materia<\/li>\n\n\n\n<li>Mejorado en los \u00faltimos 15 a\u00f1os con estos mismos expertos<\/li>\n\n\n\n<li>Dominio de la experiencia interna<\/li>\n<\/ul>\n<\/div>\n\n\n\n<div class=\"wp-block-column is-layout-flow wp-block-column-is-layout-flow\">\n<figure class=\"wp-block-image size-large\"><img loading=\"lazy\" decoding=\"async\" width=\"539\" height=\"324\" src=\"https:\/\/cremagest.com\/wp-content\/uploads\/2025\/10\/pertinance-illustration.svg\" alt=\"\" class=\"wp-image-130\"\/><\/figure>\n<\/div>\n<\/div>\n\n<div style=\"height:100px\" aria-hidden=\"true\" class=\"wp-block-spacer\"><\/div>\n\n<div class=\"wp-block-columns is-layout-flex wp-container-core-columns-is-layout-28f84493 wp-block-columns-is-layout-flex\">\n<div class=\"wp-block-column is-layout-flow wp-block-column-is-layout-flow\">\n<figure class=\"wp-block-image size-large\"><img loading=\"lazy\" decoding=\"async\" width=\"540\" height=\"324\" src=\"https:\/\/cremagest.com\/wp-content\/uploads\/2025\/10\/fiabilite-illustration.svg\" alt=\"\" class=\"wp-image-133\"\/><\/figure>\n<\/div>\n\n\n\n<div class=\"wp-block-column is-layout-flow wp-block-column-is-layout-flow\">\n<h2 class=\"wp-block-heading\">Fiabilidad<\/h2>\n\n\n\n<p>Cremagest ha demostrado su fiabilidad a lo largo de los a\u00f1os en muchos crematorios belgas y franceses.<\/p>\n\n\n\n<ul class=\"wp-block-list\">\n<li>Actualmente opera en 29 establecimientos (franc\u00e9s y belga)<\/li>\n\n\n\n<li>Online desde 2008<\/li>\n<\/ul>\n<\/div>\n<\/div>\n\n<div style=\"height:100px\" aria-hidden=\"true\" class=\"wp-block-spacer\"><\/div>\n\n<figure class=\"wp-block-image aligncenter size-large is-resized\"><img loading=\"lazy\" decoding=\"async\" width=\"1024\" height=\"886\" src=\"https:\/\/cremagest.com\/wp-content\/uploads\/2025\/10\/image-1-1024x886.png\" alt=\"\" class=\"wp-image-138\" style=\"width:1126px;height:auto\" srcset=\"https:\/\/cremagest.com\/wp-content\/uploads\/2025\/10\/image-1-1024x886.png 1024w, https:\/\/cremagest.com\/wp-content\/uploads\/2025\/10\/image-1-300x259.png 300w, https:\/\/cremagest.com\/wp-content\/uploads\/2025\/10\/image-1-768x664.png 768w, https:\/\/cremagest.com\/wp-content\/uploads\/2025\/10\/image-1-1536x1329.png 1536w, https:\/\/cremagest.com\/wp-content\/uploads\/2025\/10\/image-1-2048x1772.png 2048w\" sizes=\"auto, (max-width: 1024px) 100vw, 1024px\" \/><\/figure>\n\n<p><\/p>\n","protected":false},"excerpt":{"rendered":"<p>Portabilidad Portabilidad, centralizaci\u00f3n de la informaci\u00f3n&#8230; todos los cuales son cruciales para la gesti\u00f3n de su negocio. Cremagest te ofrece todas estas ventajas, y mucho m\u00e1s. Centralizaci\u00f3n La centralizaci\u00f3n de la informaci\u00f3n es igual de crucial. Esto permite que todos sus empleados tengan f\u00e1cil acceso a \u00e9l y le permite aumentar su eficiencia al capacitar [&hellip;]<\/p>\n","protected":false},"author":1,"featured_media":0,"parent":0,"menu_order":0,"comment_status":"closed","ping_status":"closed","template":"","meta":{"inline_featured_image":false,"footnotes":""},"class_list":["post-347","page","type-page","status-publish","hentry"],"blocksy_meta":[],"_links":{"self":[{"href":"https:\/\/cremagest.com\/es\/wp-json\/wp\/v2\/pages\/347","targetHints":{"allow":["GET"]}}],"collection":[{"href":"https:\/\/cremagest.com\/es\/wp-json\/wp\/v2\/pages"}],"about":[{"href":"https:\/\/cremagest.com\/es\/wp-json\/wp\/v2\/types\/page"}],"author":[{"embeddable":true,"href":"https:\/\/cremagest.com\/es\/wp-json\/wp\/v2\/users\/1"}],"replies":[{"embeddable":true,"href":"https:\/\/cremagest.com\/es\/wp-json\/wp\/v2\/comments?post=347"}],"version-history":[{"count":1,"href":"https:\/\/cremagest.com\/es\/wp-json\/wp\/v2\/pages\/347\/revisions"}],"predecessor-version":[{"id":352,"href":"https:\/\/cremagest.com\/es\/wp-json\/wp\/v2\/pages\/347\/revisions\/352"}],"wp:attachment":[{"href":"https:\/\/cremagest.com\/es\/wp-json\/wp\/v2\/media?parent=347"}],"curies":[{"name":"wp","href":"https:\/\/api.w.org\/{rel}","templated":true}]}}