{"id":335,"date":"2025-10-29T12:20:23","date_gmt":"2025-10-29T12:20:23","guid":{"rendered":"https:\/\/cremagest.com\/implementacion\/"},"modified":"2025-11-07T10:27:46","modified_gmt":"2025-11-07T10:27:46","slug":"implementacion","status":"publish","type":"page","link":"https:\/\/cremagest.com\/es\/implementacion\/","title":{"rendered":"Implementaci\u00f3n"},"content":{"rendered":"\n<p>Un proyecto exitoso se basa en un m\u00e9todo claro, intercambios regulares y una ejecuci\u00f3n rigurosa. Nuestro enfoque se basa en un enfoque progresivo, desde el alcance inicial hasta el mantenimiento. Cada fase tiene un objetivo espec\u00edfico y fluye sin problemas para garantizar la calidad del resultado.  <\/p>\n\n<h1 class=\"wp-block-heading\">Avances del proyecto<\/h1>\n\n<p>Valoramos la transparencia y la colaboraci\u00f3n. Sabes en todo momento d\u00f3nde se encuentra el proyecto, qu\u00e9 se ha validado y qu\u00e9 queda por hacer. El equipo permanece a su lado en cada paso del camino, anticip\u00e1ndose a las necesidades, ajust\u00e1ndose si es necesario y asegurando el \u00e9xito de la implementaci\u00f3n.  <\/p>\n\n<p>Nuestra prioridad es simple: ofrecer una soluci\u00f3n confiable y funcional que est\u00e9 lista para evolucionar con sus usos.<\/p>\n\n<hr class=\"wp-block-separator has-alpha-channel-opacity\"\/>\n\n<div class=\"wp-block-columns is-layout-flex wp-container-core-columns-is-layout-28f84493 wp-block-columns-is-layout-flex\">\n<div class=\"wp-block-column is-vertically-aligned-center is-layout-constrained wp-block-column-is-layout-constrained\" style=\"flex-basis:40%\">\n<figure class=\"wp-block-image aligncenter size-large\"><img loading=\"lazy\" decoding=\"async\" width=\"740\" height=\"1024\" src=\"http:\/\/cremagest.com\/wp-content\/uploads\/2025\/10\/image-3-e1761816250370-740x1024.png\" alt=\"\" class=\"wp-image-145\" style=\"box-shadow:var(--wp--preset--shadow--natural)\" srcset=\"https:\/\/cremagest.com\/wp-content\/uploads\/2025\/10\/image-3-e1761816250370-740x1024.png 740w, https:\/\/cremagest.com\/wp-content\/uploads\/2025\/10\/image-3-e1761816250370-217x300.png 217w, https:\/\/cremagest.com\/wp-content\/uploads\/2025\/10\/image-3-e1761816250370-768x1062.png 768w, https:\/\/cremagest.com\/wp-content\/uploads\/2025\/10\/image-3-e1761816250370-1111x1536.png 1111w, https:\/\/cremagest.com\/wp-content\/uploads\/2025\/10\/image-3-e1761816250370.png 1180w\" sizes=\"auto, (max-width: 740px) 100vw, 740px\" \/><\/figure>\n<\/div>\n\n\n\n<div class=\"wp-block-column is-layout-constrained wp-block-column-is-layout-constrained\" style=\"flex-basis:60%\">\n<div class=\"wp-block-group is-layout-constrained wp-block-group-is-layout-constrained\">\n<h4 class=\"wp-block-heading\"><strong>Reuni\u00f3n de lanzamiento<\/strong><\/h4>\n\n\n\n<p>Implementaci\u00f3n del marco del proyecto, presentaci\u00f3n de los equipos, validaci\u00f3n de objetivos y cronograma. Esta reuni\u00f3n lanza oficialmente la colaboraci\u00f3n. <\/p>\n\n\n\n<h4 class=\"wp-block-heading\"><strong>An\u00e1lisis t\u00e9cnico y funcional<\/strong><\/h4>\n\n\n\n<p>Estudio de necesidades, definici\u00f3n de especificaciones y redacci\u00f3n de especificaciones. Esta fase establece la base t\u00e9cnica y operativa del proyecto. <\/p>\n\n\n\n<h4 class=\"wp-block-heading\"><strong>Instalaci\u00f3n, personalizaci\u00f3n y configuraci\u00f3n<\/strong><\/h4>\n\n\n\n<p>Implementaci\u00f3n de la soluci\u00f3n, adaptaci\u00f3n a sus necesidades espec\u00edficas y pruebas de consistencia. El entorno est\u00e1 tomando forma. <\/p>\n\n\n\n<h4 class=\"wp-block-heading\"><strong>Entrega para preproducci\u00f3n, pruebas y validaci\u00f3n<\/strong><\/h4>\n\n\n\n<p>Preparaci\u00f3n de la versi\u00f3n de prueba, verificaci\u00f3n del correcto funcionamiento y validaci\u00f3n con sus equipos antes de pasar a producci\u00f3n.<\/p>\n\n\n\n<h4 class=\"wp-block-heading\"><strong>Formaci\u00f3n<\/strong><\/h4>\n\n\n\n<p>Capacitaci\u00f3n de usuarios y administradores. El objetivo es poder utilizar la soluci\u00f3n r\u00e1pidamente en el d\u00eda a d\u00eda. <\/p>\n\n\n\n<h4 class=\"wp-block-heading\"><strong>Producci\u00f3n y aceptaci\u00f3n del cliente<\/strong><\/h4>\n\n\n\n<p>Despliegue en el entorno final, verificaci\u00f3n de estabilidad y validaci\u00f3n oficial por parte del cliente.<\/p>\n\n\n\n<h4 class=\"wp-block-heading\"><strong>Soporte y mantenimiento<\/strong><\/h4>\n\n\n\n<p>Seguimiento t\u00e9cnico, posibles correcciones y apoyo en futuros desarrollos para garantizar la continuidad del servicio.<\/p>\n<\/div>\n<\/div>\n<\/div>\n\n<p><\/p>\n","protected":false},"excerpt":{"rendered":"<p>Un proyecto exitoso se basa en un m\u00e9todo claro, intercambios regulares y una ejecuci\u00f3n rigurosa. Nuestro enfoque se basa en un enfoque progresivo, desde el alcance inicial hasta el mantenimiento. Cada fase tiene un objetivo espec\u00edfico y fluye sin problemas para garantizar la calidad del resultado. Avances del proyecto Valoramos la transparencia y la colaboraci\u00f3n. [&hellip;]<\/p>\n","protected":false},"author":1,"featured_media":0,"parent":0,"menu_order":0,"comment_status":"closed","ping_status":"closed","template":"","meta":{"inline_featured_image":false,"footnotes":""},"class_list":["post-335","page","type-page","status-publish","hentry"],"blocksy_meta":[],"_links":{"self":[{"href":"https:\/\/cremagest.com\/es\/wp-json\/wp\/v2\/pages\/335","targetHints":{"allow":["GET"]}}],"collection":[{"href":"https:\/\/cremagest.com\/es\/wp-json\/wp\/v2\/pages"}],"about":[{"href":"https:\/\/cremagest.com\/es\/wp-json\/wp\/v2\/types\/page"}],"author":[{"embeddable":true,"href":"https:\/\/cremagest.com\/es\/wp-json\/wp\/v2\/users\/1"}],"replies":[{"embeddable":true,"href":"https:\/\/cremagest.com\/es\/wp-json\/wp\/v2\/comments?post=335"}],"version-history":[{"count":1,"href":"https:\/\/cremagest.com\/es\/wp-json\/wp\/v2\/pages\/335\/revisions"}],"predecessor-version":[{"id":346,"href":"https:\/\/cremagest.com\/es\/wp-json\/wp\/v2\/pages\/335\/revisions\/346"}],"wp:attachment":[{"href":"https:\/\/cremagest.com\/es\/wp-json\/wp\/v2\/media?parent=335"}],"curies":[{"name":"wp","href":"https:\/\/api.w.org\/{rel}","templated":true}]}}