{"id":266,"date":"2025-10-29T12:20:52","date_gmt":"2025-10-29T12:20:52","guid":{"rendered":"https:\/\/cremagest.com\/kontaktieren-sie-uns\/"},"modified":"2025-10-30T12:36:35","modified_gmt":"2025-10-30T12:36:35","slug":"kontaktieren-sie-uns","status":"publish","type":"page","link":"https:\/\/cremagest.com\/de\/kontaktieren-sie-uns\/","title":{"rendered":"Kontaktieren Sie uns"},"content":{"rendered":"\n<p>Haben Sie ein Projekt, eine Frage oder ben\u00f6tigen Sie pers\u00f6nliche Unterst\u00fctzung? Unser Team steht Ihnen gerne zur Verf\u00fcgung.   <br\/>Wir nehmen uns die Zeit, Ihre Bed\u00fcrfnisse, Ihre Einschr\u00e4nkungen und Ihre Ziele zu verstehen, um Ihnen eine angemessene Antwort zu geben. Jede Anfrage erh\u00e4lt besondere Aufmerksamkeit, egal ob es sich um eine Beratung, eine Demonstration oder ein Angebot handelt. <\/p>\n\n<p>Sie k\u00f6nnen uns telefonisch, per E-Mail oder \u00fcber das untenstehende Formular kontaktieren. Wir werden uns in K\u00fcrze bei Ihnen melden. Wir glauben an N\u00e4he, Klarheit und menschliche Betreuung. Ein Single Point of Contact begleitet Sie vom ersten Austausch bis zur Umsetzung Ihres Vorhabens.   <\/p>\n\n<h2 class=\"wp-block-heading alignwide has-text-align-center\"><strong>CREMAGEST ist mehr als ein Dienstleister, es ist ein Partner, der sich f\u00fcr die Zusammenarbeit mit Ihnen einsetzt.<\/strong><\/h2>\n\n<figure class=\"wp-block-image aligncenter size-large is-resized\"><img loading=\"lazy\" decoding=\"async\" width=\"540\" height=\"324\" src=\"http:\/\/cremagest.com\/wp-content\/uploads\/2025\/10\/fiabilite-illustration.svg\" alt=\"\" class=\"wp-image-133\" style=\"width:562px;height:auto\"\/><\/figure>\n\n<div class=\"wp-block-group has-small-font-size is-layout-constrained wp-container-core-group-is-layout-0ba56e24 wp-block-group-is-layout-constrained\" style=\"padding-right:var(--wp--preset--spacing--80);padding-left:var(--wp--preset--spacing--80)\"><style id=\"wpforms-css-vars-156-block-78d5a86b-566f-4164-a344-07a78d14bfb1\">\n\t\t\t\t#wpforms-156.wpforms-block-78d5a86b-566f-4164-a344-07a78d14bfb1 {\n\t\t\t\t--wpforms-field-size-input-height: 50px;\n--wpforms-field-size-input-spacing: 20px;\n--wpforms-field-size-font-size: 18px;\n--wpforms-field-size-line-height: 21px;\n--wpforms-field-size-padding-h: 14px;\n--wpforms-field-size-checkbox-size: 18px;\n--wpforms-field-size-sublabel-spacing: 10px;\n--wpforms-field-size-icon-size: 1.25;\n--wpforms-label-size-font-size: 16px;\n--wpforms-label-size-line-height: 19px;\n--wpforms-label-size-sublabel-font-size: 14px;\n--wpforms-label-size-sublabel-line-height: 17px;\n--wpforms-button-size-font-size: 17px;\n--wpforms-button-size-height: 41px;\n--wpforms-button-size-padding-h: 15px;\n--wpforms-button-size-margin-top: 10px;\n--wpforms-container-shadow-size-box-shadow: none;\n\t\t\t}\n\t\t\t<\/style><div class=\"wpforms-container wpforms-container-full wpforms-block wpforms-block-78d5a86b-566f-4164-a344-07a78d14bfb1 wpforms-render-modern\" id=\"wpforms-156\"><form id=\"wpforms-form-156\" class=\"wpforms-validate wpforms-form wpforms-ajax-form\" data-formid=\"156\" method=\"post\" enctype=\"multipart\/form-data\" action=\"\/de\/wp-json\/wp\/v2\/pages\/266\" data-token=\"95f3b09c5f779f06d4abe3d267ac36de\" data-token-time=\"1776382789\"><noscript class=\"wpforms-error-noscript\">Bitte aktiviere JavaScript in deinem Browser, um dieses Formular fertigzustellen.<\/noscript><div id=\"wpforms-error-noscript\" style=\"display: none;\">Bitte aktiviere JavaScript in deinem Browser, um dieses Formular fertigzustellen.<\/div><div class=\"wpforms-field-container\"><div id=\"wpforms-156-field_0-container\" class=\"wpforms-field wpforms-field-name\" data-field-id=\"0\"><label class=\"wpforms-field-label\" for=\"wpforms-156-field_0\">Name <span class=\"wpforms-required-label\" aria-hidden=\"true\">*<\/span><\/label><input type=\"text\" id=\"wpforms-156-field_0\" class=\"wpforms-field-large wpforms-field-required\" name=\"wpforms[fields][0]\" aria-errormessage=\"wpforms-156-field_0-error\" required><\/div><div id=\"wpforms-156-field_4-container\" class=\"wpforms-field wpforms-field-phone\" data-field-id=\"4\"><label class=\"wpforms-field-label\" for=\"wpforms-156-field_4\">Telefon<\/label><input type=\"tel\" id=\"wpforms-156-field_4\" class=\"wpforms-field-large wpforms-smart-phone-field\" data-rule-smart-phone-field=\"true\" name=\"wpforms[fields][4]\" aria-label=\"Telefon\" aria-errormessage=\"wpforms-156-field_4-error\" ><\/div>\t\t<div id=\"wpforms-156-field_5-container\"\n\t\t\tclass=\"wpforms-field wpforms-field-text\"\n\t\t\tdata-field-type=\"text\"\n\t\t\tdata-field-id=\"5\"\n\t\t\t>\n\t\t\t<label class=\"wpforms-field-label\" for=\"wpforms-156-field_5\" >Land E-Mail Nachricht<\/label>\n\t\t\t<input type=\"text\" id=\"wpforms-156-field_5\" class=\"wpforms-field-medium\" name=\"wpforms[fields][5]\" >\n\t\t<\/div>\n\t\t<div id=\"wpforms-156-field_1-container\" class=\"wpforms-field wpforms-field-email\" data-field-id=\"1\"><label class=\"wpforms-field-label\" for=\"wpforms-156-field_1\">E-Mail <span class=\"wpforms-required-label\" aria-hidden=\"true\">*<\/span><\/label><input type=\"email\" id=\"wpforms-156-field_1\" class=\"wpforms-field-large wpforms-field-required\" name=\"wpforms[fields][1]\" spellcheck=\"false\" aria-errormessage=\"wpforms-156-field_1-error\" required><\/div><div id=\"wpforms-156-field_3-container\" class=\"wpforms-field wpforms-field-select wpforms-field-select-style-modern\" data-field-id=\"3\"><label class=\"wpforms-field-label\" for=\"wpforms-156-field_3\">Land <span class=\"wpforms-required-label\" aria-hidden=\"true\">*<\/span><\/label><select id=\"wpforms-156-field_3\" class=\"wpforms-field-large wpforms-field-required choicesjs-select\" data-size-class=\"wpforms-field-row wpforms-field-large\" data-search-enabled=\"1\" name=\"wpforms[fields][3]\" required=\"required\"><option value=\"\" class=\"placeholder\" disabled  selected='selected'>&#8211; Bitte ausw\u00e4hlen &#8211;<\/option><option value=\"\u00d6sterreich\"  class=\"choice-17 depth-1\"  >\u00d6sterreich<\/option><option value=\"Belgien\"  class=\"choice-24 depth-1\"  >Belgien<\/option><option value=\"Bulgarien\"  class=\"choice-37 depth-1\"  >Bulgarien<\/option><option value=\"Kanada\"  class=\"choice-43 depth-1\"  >Kanada<\/option><option value=\"Tschechische Republik\"  class=\"choice-61 depth-1\"  >Tschechische Republik<\/option><option value=\"D\u00e4nemark\"  class=\"choice-63 depth-1\"  >D\u00e4nemark<\/option><option value=\"Finnland\"  class=\"choice-78 depth-1\"  >Finnland<\/option><option value=\"Frankreich\"  class=\"choice-79 depth-1\"  >Frankreich<\/option><option value=\"Deutschland\"  class=\"choice-86 depth-1\"  >Deutschland<\/option><option value=\"Griechenland\"  class=\"choice-89 depth-1\"  >Griechenland<\/option><option value=\"Ungarn\"  class=\"choice-103 depth-1\"  >Ungarn<\/option><option value=\"Italien\"  class=\"choice-112 depth-1\"  >Italien<\/option><option value=\"Luxemburg\"  class=\"choice-133 depth-1\"  >Luxemburg<\/option><option value=\"Niederlande\"  class=\"choice-159 depth-1\"  >Niederlande<\/option><option value=\"Norwegen\"  class=\"choice-169 depth-1\"  >Norwegen<\/option><option value=\"Polen\"  class=\"choice-180 depth-1\"  >Polen<\/option><option value=\"Portugal\"  class=\"choice-181 depth-1\"  >Portugal<\/option><option value=\"Spanien\"  class=\"choice-212 depth-1\"  >Spanien<\/option><option value=\"Schweden\"  class=\"choice-217 depth-1\"  >Schweden<\/option><option value=\"Schweiz\"  class=\"choice-218 depth-1\"  >Schweiz<\/option><option value=\"Vereinigtes K\u00f6nigreich\"  class=\"choice-237 depth-1\"  >Vereinigtes K\u00f6nigreich<\/option><option value=\"Vereinigte Staaten von Amerika\"  class=\"choice-239 depth-1\"  >Vereinigte Staaten von Amerika<\/option><\/select><\/div><div id=\"wpforms-156-field_2-container\" class=\"wpforms-field wpforms-field-textarea\" data-field-id=\"2\"><label class=\"wpforms-field-label\" for=\"wpforms-156-field_2\">Kommentar oder Nachricht <span class=\"wpforms-required-label\" aria-hidden=\"true\">*<\/span><\/label><textarea id=\"wpforms-156-field_2\" class=\"wpforms-field-medium wpforms-field-required\" name=\"wpforms[fields][2]\" aria-errormessage=\"wpforms-156-field_2-error\" required><\/textarea><\/div><script>\n\t\t\t\t( function() {\n\t\t\t\t\tconst style = document.createElement( 'style' );\n\t\t\t\t\tstyle.appendChild( document.createTextNode( '#wpforms-156-field_5-container { position: absolute !important; overflow: hidden !important; display: inline !important; height: 1px !important; width: 1px !important; z-index: -1000 !important; padding: 0 !important; } #wpforms-156-field_5-container input { visibility: hidden; } #wpforms-conversational-form-page #wpforms-156-field_5-container label { counter-increment: none; }' ) );\n\t\t\t\t\tdocument.head.appendChild( style );\n\t\t\t\t\tdocument.currentScript?.remove();\n\t\t\t\t} )();\n\t\t\t<\/script><\/div><!-- .wpforms-field-container --><div class=\"wpforms-recaptcha-container wpforms-is-turnstile\" ><div class=\"cf-turnstile\" data-sitekey=\"0x4AAAAAAB9unnuu8t9rACJR\" data-action=\"FormID-156\"><\/div><input type=\"text\" name=\"g-recaptcha-hidden\" class=\"wpforms-recaptcha-hidden\" style=\"position:absolute!important;clip:rect(0,0,0,0)!important;height:1px!important;width:1px!important;border:0!important;overflow:hidden!important;padding:0!important;margin:0!important;\" data-rule-turnstile=\"1\"><\/div><div class=\"wpforms-submit-container\" ><input type=\"hidden\" name=\"wpforms[id]\" value=\"156\"><input type=\"hidden\" name=\"page_title\" value=\"\"><input type=\"hidden\" name=\"page_url\" value=\"https:\/\/cremagest.com\/de\/wp-json\/wp\/v2\/pages\/266\"><input type=\"hidden\" name=\"url_referer\" value=\"\"><button type=\"submit\" name=\"wpforms[submit]\" id=\"wpforms-submit-156\" class=\"wpforms-submit\" aria-live=\"assertive\" value=\"wpforms-submit\">Senden<\/button><img loading=\"lazy\" decoding=\"async\" src=\"https:\/\/cremagest.com\/wp-content\/plugins\/wpforms\/assets\/images\/submit-spin.svg\" class=\"wpforms-submit-spinner\" style=\"display: none;\" width=\"26\" height=\"26\" alt=\"Wird geladen\"><\/div><\/form><\/div>  <!-- .wpforms-container --><\/div>\n\n<p><\/p>\n","protected":false},"excerpt":{"rendered":"<p>Haben Sie ein Projekt, eine Frage oder ben\u00f6tigen Sie pers\u00f6nliche Unterst\u00fctzung? Unser Team steht Ihnen gerne zur Verf\u00fcgung. Wir nehmen uns die Zeit, Ihre Bed\u00fcrfnisse, Ihre Einschr\u00e4nkungen und Ihre Ziele zu verstehen, um Ihnen eine angemessene Antwort zu geben. Jede Anfrage erh\u00e4lt besondere Aufmerksamkeit, egal ob es sich um eine Beratung, eine Demonstration oder ein [&hellip;]<\/p>\n","protected":false},"author":1,"featured_media":0,"parent":0,"menu_order":0,"comment_status":"closed","ping_status":"closed","template":"","meta":{"inline_featured_image":false,"footnotes":""},"class_list":["post-266","page","type-page","status-publish","hentry"],"blocksy_meta":[],"_links":{"self":[{"href":"https:\/\/cremagest.com\/de\/wp-json\/wp\/v2\/pages\/266","targetHints":{"allow":["GET"]}}],"collection":[{"href":"https:\/\/cremagest.com\/de\/wp-json\/wp\/v2\/pages"}],"about":[{"href":"https:\/\/cremagest.com\/de\/wp-json\/wp\/v2\/types\/page"}],"author":[{"embeddable":true,"href":"https:\/\/cremagest.com\/de\/wp-json\/wp\/v2\/users\/1"}],"replies":[{"embeddable":true,"href":"https:\/\/cremagest.com\/de\/wp-json\/wp\/v2\/comments?post=266"}],"version-history":[{"count":1,"href":"https:\/\/cremagest.com\/de\/wp-json\/wp\/v2\/pages\/266\/revisions"}],"predecessor-version":[{"id":270,"href":"https:\/\/cremagest.com\/de\/wp-json\/wp\/v2\/pages\/266\/revisions\/270"}],"wp:attachment":[{"href":"https:\/\/cremagest.com\/de\/wp-json\/wp\/v2\/media?parent=266"}],"curies":[{"name":"wp","href":"https:\/\/api.w.org\/{rel}","templated":true}]}}