{"id":254,"date":"2025-10-24T06:07:40","date_gmt":"2025-10-24T06:07:40","guid":{"rendered":"https:\/\/cremagest.com\/managementsoftware-fuer-krematorien\/"},"modified":"2025-12-22T14:26:15","modified_gmt":"2025-12-22T14:26:15","slug":"managementsoftware-fuer-krematorien","status":"publish","type":"page","link":"https:\/\/cremagest.com\/de\/","title":{"rendered":"Managementsoftware f\u00fcr Krematorien"},"content":{"rendered":"\n<div class=\"wp-block-columns is-layout-flex wp-container-core-columns-is-layout-28f84493 wp-block-columns-is-layout-flex\">\n<div class=\"wp-block-column is-content-justification-center is-layout-constrained wp-block-column-is-layout-constrained\" style=\"flex-basis:40%\">\n<div class=\"wp-block-group is-layout-constrained wp-block-group-is-layout-constrained\">\n<div class=\"wp-block-group is-vertical is-content-justification-center is-layout-flex wp-container-core-group-is-layout-ce155fab wp-block-group-is-layout-flex\">\n<p><strong>CREMAGEST<\/strong> vereint alle administrativen Aufgaben an einem Ort, damit Ihre Teams Zeremonien, Zeitpl\u00e4ne und Familieninformationen verwalten k\u00f6nnen, ohne Zeit zu verschwenden. Mit einer klaren Benutzeroberfl\u00e4che, die von \u00fcberall zug\u00e4nglich ist, k\u00f6nnen Sie Fehler reduzieren und die Servicequalit\u00e4t f\u00fcr Familien verbessern. <\/p>\n\n\n\n<p><strong>CREMAGEST<\/strong> bietet Ihnen eine komplette, intuitive L\u00f6sung, die es Ihnen erm\u00f6glicht, sich auf Ihr Gesch\u00e4ft zu konzentrieren, anstatt auf Ihre administrativen Aufgaben. Familien profitieren somit von einem professionellen und umfassenden Service, der die menschliche Dimension in den Mittelpunkt stellt und gleichzeitig diskret durch Technologie unterst\u00fctzt wird. <\/p>\n\n\n\n<p><strong>CREMAGEST<\/strong> ist eine integrierte &#8222;All-in-One&#8220;-L\u00f6sung, die es Krematorien erm\u00f6glicht, die Verwaltung ihrer Aktivit\u00e4ten zu zentralisieren.<\/p>\n\n\n\n<div style=\"height:0px\" aria-hidden=\"true\" class=\"wp-block-spacer wp-container-content-9760934e\"><\/div>\n\n\n\n<div class=\"wp-block-buttons has-custom-font-size has-small-font-size is-content-justification-center is-nowrap is-layout-flex wp-container-core-buttons-is-layout-eed927ef wp-block-buttons-is-layout-flex\" style=\"margin-top:0;margin-bottom:0;padding-top:0;padding-bottom:0\">\n<div class=\"wp-block-button has-custom-width wp-block-button__width-100 is-style-fill\"><a class=\"wp-block-button__link has-medium-font-size has-custom-font-size wp-element-button\" href=\"https:\/\/cremagest.com\/de\/kontaktieren-sie-uns\/\" style=\"padding-top:var(--wp--preset--spacing--30);padding-right:var(--wp--preset--spacing--80);padding-bottom:var(--wp--preset--spacing--30);padding-left:var(--wp--preset--spacing--80)\">Kontaktieren Sie uns<\/a><\/div>\n<\/div>\n<\/div>\n<\/div>\n<\/div>\n\n\n\n<div class=\"wp-block-column is-layout-constrained wp-block-column-is-layout-constrained\" style=\"flex-basis:60%\">\n<figure class=\"wp-block-image aligncenter size-large\" style=\"margin-top:0;margin-bottom:0\"><img loading=\"lazy\" decoding=\"async\" width=\"1024\" height=\"545\" src=\"https:\/\/cremagest.com\/wp-content\/uploads\/2025\/10\/mbpro-mockup-2048x1089-1-1024x545.png\" alt=\"\" class=\"wp-image-176\" style=\"box-shadow:none;object-fit:cover\" srcset=\"https:\/\/cremagest.com\/wp-content\/uploads\/2025\/10\/mbpro-mockup-2048x1089-1-1024x545.png 1024w, https:\/\/cremagest.com\/wp-content\/uploads\/2025\/10\/mbpro-mockup-2048x1089-1-300x160.png 300w, https:\/\/cremagest.com\/wp-content\/uploads\/2025\/10\/mbpro-mockup-2048x1089-1-768x408.png 768w, https:\/\/cremagest.com\/wp-content\/uploads\/2025\/10\/mbpro-mockup-2048x1089-1-1536x817.png 1536w, https:\/\/cremagest.com\/wp-content\/uploads\/2025\/10\/mbpro-mockup-2048x1089-1.png 1600w\" sizes=\"auto, (max-width: 1024px) 100vw, 1024px\" \/><\/figure>\n<\/div>\n<\/div>\n\n<h1 class=\"wp-block-heading has-text-align-center\">Funktionen<\/h1>\n\n<div class=\"wp-block-group is-layout-constrained wp-container-core-group-is-layout-7a346fb0 wp-block-group-is-layout-constrained\">\n<p class=\"has-text-align-center\">Cremagest bietet Ihnen eine komplette, intuitive L\u00f6sung, die es Ihnen erm\u00f6glicht, sich auf Ihr Gesch\u00e4ft zu konzentrieren, anstatt auf Ihre administrativen Aufgaben. Familien profitieren somit von einem professionellen und umfassenden Service, der die menschliche Dimension in den Mittelpunkt stellt und gleichzeitig diskret durch Technologie unterst\u00fctzt wird. <\/p>\n<\/div>\n\n<div class=\"wp-block-group is-layout-constrained wp-block-group-is-layout-constrained\">\n<div class=\"wp-block-columns is-layout-flex wp-container-core-columns-is-layout-28f84493 wp-block-columns-is-layout-flex\">\n<div class=\"wp-block-column is-layout-constrained wp-block-column-is-layout-constrained\">\n<figure class=\"wp-block-image size-large\"><img loading=\"lazy\" decoding=\"async\" width=\"40\" height=\"40\" src=\"https:\/\/cremagest.com\/wp-content\/uploads\/2025\/10\/icon-statistiques.svg\" alt=\"\" class=\"wp-image-46\"\/><\/figure>\n\n\n\n<h3 class=\"wp-block-heading\">Verwaltung der Abrechnung<\/h3>\n\n\n\n<p>Liste der offenen Rechnungen, Gutschriften, Verwaltung von Kreditlimits und \u00dcberzahlungen&#8230; Cremagest verf\u00fcgt \u00fcber ein komplettes Abrechnungsmanagement-Modul.<\/p>\n<\/div>\n\n\n\n<div class=\"wp-block-column is-layout-constrained wp-block-column-is-layout-constrained\">\n<figure class=\"wp-block-image size-large\"><img loading=\"lazy\" decoding=\"async\" width=\"40\" height=\"40\" src=\"https:\/\/cremagest.com\/wp-content\/uploads\/2025\/10\/icon-agenda.svg\" alt=\"\" class=\"wp-image-47\"\/><\/figure>\n\n\n\n<h3 class=\"wp-block-heading\">Tagesordnung der Zeremonie<\/h3>\n\n\n\n<p>Die Buchung von Zimmern erm\u00f6glicht eine sofortige Best\u00e4tigung mit der Familie. Dar\u00fcber hinaus zentralisiert der Kalender Informationen \u00fcber Zeremonien und andere Buchungen auf \u00fcbersichtliche und intuitive Weise. <\/p>\n<\/div>\n\n\n\n<div class=\"wp-block-column is-layout-constrained wp-block-column-is-layout-constrained\">\n<figure class=\"wp-block-image size-large\"><img loading=\"lazy\" decoding=\"async\" width=\"45\" height=\"39\" src=\"https:\/\/cremagest.com\/wp-content\/uploads\/2025\/10\/icon-rapport.svg\" alt=\"\" class=\"wp-image-49\"\/><\/figure>\n\n\n\n<h3 class=\"wp-block-heading\">Echtzeit-Statistiken<\/h3>\n\n\n\n<p>CA- und Ein\u00e4scherungsstatistiken k\u00f6nnen in Echtzeit eingesehen werden, ebenso wie die Nachverfolgung von Sargen und Aktivit\u00e4ten.<\/p>\n<\/div>\n<\/div>\n\n\n\n<div class=\"wp-block-columns is-layout-flex wp-container-core-columns-is-layout-28f84493 wp-block-columns-is-layout-flex\">\n<div class=\"wp-block-column is-layout-constrained wp-block-column-is-layout-constrained\">\n<figure class=\"wp-block-image size-large\"><img loading=\"lazy\" decoding=\"async\" width=\"44\" height=\"43\" src=\"https:\/\/cremagest.com\/wp-content\/uploads\/2025\/10\/icon-multisites-1.svg\" alt=\"\" class=\"wp-image-51\"\/><\/figure>\n\n\n\n<h3 class=\"wp-block-heading\">Berichtswesen<\/h3>\n\n\n\n<p class=\"wp-container-content-69bc4bdf\">Anpassbare statistische Berichte erm\u00f6glichen es Ihnen, nur die Informationen anzuzeigen, die Sie ben\u00f6tigen.<\/p>\n<\/div>\n\n\n\n<div class=\"wp-block-column is-layout-constrained wp-block-column-is-layout-constrained\">\n<figure class=\"wp-block-image size-large\"><img loading=\"lazy\" decoding=\"async\" width=\"35\" height=\"41\" src=\"https:\/\/cremagest.com\/wp-content\/uploads\/2025\/10\/group-icon-facture.svg\" alt=\"\" class=\"wp-image-52\"\/><\/figure>\n\n\n\n<h3 class=\"wp-block-heading\">Mehrere Standorte<\/h3>\n\n\n\n<p>F\u00fcr Konsortien steht eine zentrale Verwaltung mehrerer Krematorien zur Verf\u00fcgung, so dass alle Bediener an verschiedenen Standorten auf dieselbe Anwendung zugreifen k\u00f6nnen.<\/p>\n<\/div>\n\n\n\n<div class=\"wp-block-column is-layout-constrained wp-block-column-is-layout-constrained\">\n<figure class=\"wp-block-image size-large\"><img loading=\"lazy\" decoding=\"async\" width=\"39\" height=\"45\" src=\"https:\/\/cremagest.com\/wp-content\/uploads\/2025\/10\/access.svg\" alt=\"\" class=\"wp-image-53\"\/><\/figure>\n\n\n\n<h3 class=\"wp-block-heading\">Bestattungsinstitute<\/h3>\n\n\n\n<p>Wenn Sie m\u00f6chten, k\u00f6nnen Sie den Bestattungsunternehmen, mit denen Sie zusammenarbeiten, den Zugang zu Ihrem Cremagest \u00f6ffnen. Sie k\u00f6nnen dann direkt Reservierungen f\u00fcr Zeremonien vornehmen. <\/p>\n<\/div>\n<\/div>\n<\/div>\n\n<div style=\"height:46px\" aria-hidden=\"true\" class=\"wp-block-spacer\"><\/div>\n\n<div class=\"wp-block-group has-background is-layout-constrained wp-container-core-group-is-layout-c8ee93ac wp-block-group-is-layout-constrained\" style=\"background:linear-gradient(90deg,rgb(255,183,0) 0%,rgb(255,148,0) 100%);padding-right:var(--wp--preset--spacing--70);padding-left:var(--wp--preset--spacing--70);box-shadow:var(--wp--preset--shadow--natural)\">\n<div class=\"wp-block-group is-layout-constrained wp-block-group-is-layout-constrained\">\n<h1 class=\"wp-block-heading has-palette-color-8-color has-text-color has-link-color wp-elements-1d3a3ccb53d0214028ee52727c5d00d2\">Benutzer-Support<\/h1>\n\n\n\n<p class=\"has-palette-color-8-color has-text-color has-link-color wp-elements-5d44a3bd7eb974c2a89e78ce4ae612a4\">Interessieren Sie sich f\u00fcr Cremagest? Die Implementierung der Software ist in nur 12 Wochen m\u00f6glich! Ist die App erst einmal eingerichtet, helfen wir Ihnen sowohl technisch als auch funktional.  <\/p>\n<\/div>\n\n\n\n<div class=\"wp-block-columns is-layout-flex wp-container-core-columns-is-layout-28f84493 wp-block-columns-is-layout-flex\">\n<div class=\"wp-block-column has-palette-color-8-color has-text-color has-link-color wp-elements-69565785de51071a688df07c686c5909 is-layout-flow wp-block-column-is-layout-flow\">\n<h2 class=\"wp-block-heading has-text-align-left has-palette-color-8-color has-text-color has-link-color has-x-large-font-size wp-elements-57fb12735498109c379721546035719d\">1.<\/h2>\n\n\n\n<figure class=\"wp-block-image size-full\"><img loading=\"lazy\" decoding=\"async\" width=\"255\" height=\"170\" src=\"http:\/\/cremagest.com\/wp-content\/uploads\/2025\/10\/service-01.png\" alt=\"\" class=\"wp-image-60\"\/><\/figure>\n\n\n\n<h4 class=\"wp-block-heading has-palette-color-8-color has-text-color has-link-color wp-elements-fe858c7ab166fa2b0f0bb4282976af07\">Kick-off-Sitzung<\/h4>\n\n\n\n<p>\u00dcbersicht \u00fcber generische Funktionen<\/p>\n<\/div>\n\n\n\n<div class=\"wp-block-column has-palette-color-8-color has-text-color has-link-color wp-elements-6e6afd1e54e86166b6409a84580dec9e is-layout-flow wp-block-column-is-layout-flow\">\n<h2 class=\"wp-block-heading has-text-align-left has-palette-color-8-color has-text-color has-link-color has-x-large-font-size wp-elements-44d2ff9dcd161c876df1ba1f81bf79ea\">2.<\/h2>\n\n\n\n<figure class=\"wp-block-image size-full\"><img loading=\"lazy\" decoding=\"async\" width=\"255\" height=\"170\" src=\"http:\/\/cremagest.com\/wp-content\/uploads\/2025\/10\/service-02.png\" alt=\"\" class=\"wp-image-61\"\/><\/figure>\n\n\n\n<h4 class=\"wp-block-heading has-palette-color-8-color has-text-color has-link-color wp-elements-02a9817a9c8856500ea73c2fa4e8d24b\">Schulungen vor Ort<\/h4>\n\n\n\n<p>4 Stunden vor Ort (5 Personen) + 8 Stunden Remote-Support<\/p>\n<\/div>\n\n\n\n<div class=\"wp-block-column has-palette-color-8-color has-text-color has-link-color wp-elements-3ab218228e4da37003ee6e2a5407d8d3 is-layout-flow wp-block-column-is-layout-flow\">\n<h2 class=\"wp-block-heading has-text-align-left has-palette-color-8-color has-text-color has-link-color has-x-large-font-size wp-elements-af7507e29cc3b2da9b14c4740e3c1845\">3.<\/h2>\n\n\n\n<figure class=\"wp-block-image size-full\"><img loading=\"lazy\" decoding=\"async\" width=\"255\" height=\"170\" src=\"http:\/\/cremagest.com\/wp-content\/uploads\/2025\/10\/service-03.png\" alt=\"\" class=\"wp-image-62\"\/><\/figure>\n\n\n\n<h4 class=\"wp-block-heading has-palette-color-8-color has-text-color has-link-color wp-elements-659e9be3eff6af5324ff44ba111ba7b3\">Funktionale Unterst\u00fctzung<\/h4>\n\n\n\n<p>E-Mail- und Telefon-Support &#8222;Verwendung&#8220; (Option)<\/p>\n<\/div>\n\n\n\n<div class=\"wp-block-column has-palette-color-8-color has-text-color has-link-color wp-elements-c1fdb3fe7c44213f9980b79561982bce is-layout-flow wp-block-column-is-layout-flow\">\n<h2 class=\"wp-block-heading has-text-align-left has-palette-color-8-color has-text-color has-link-color has-x-large-font-size wp-elements-1321780bb1191bf0e54f9c6309925250\">4.<\/h2>\n\n\n\n<figure class=\"wp-block-image size-full\"><img loading=\"lazy\" decoding=\"async\" width=\"255\" height=\"170\" src=\"http:\/\/cremagest.com\/wp-content\/uploads\/2025\/10\/service-04.png\" alt=\"\" class=\"wp-image-63\"\/><\/figure>\n\n\n\n<h4 class=\"wp-block-heading has-palette-color-8-color has-text-color has-link-color wp-elements-60c8cfba5e623e992f44e8bb6f0afbd6\">Software-Evolution<\/h4>\n\n\n\n<p>Kontinuierliche Weiterentwicklung vs. Nutzerbed\u00fcrfnisse<\/p>\n<\/div>\n<\/div>\n\n\n\n<div class=\"wp-block-buttons is-content-justification-center is-layout-flex wp-container-core-buttons-is-layout-c936322e wp-block-buttons-is-layout-flex\" style=\"padding-top:var(--wp--preset--spacing--40);padding-bottom:var(--wp--preset--spacing--40)\">\n<div class=\"wp-block-button is-style-fill\"><a class=\"wp-block-button__link has-medium-font-size has-text-align-center has-custom-font-size wp-element-button\" href=\"https:\/\/cremagest.com\/de\/implementierung\/\" style=\"border-style:none;border-width:0px;padding-top:var(--wp--preset--spacing--40);padding-bottom:var(--wp--preset--spacing--40)\"><strong>Unsere Leistungen<\/strong><\/a><\/div>\n<\/div>\n<\/div>\n\n<div style=\"height:58px\" aria-hidden=\"true\" class=\"wp-block-spacer\"><\/div>\n\n<div class=\"wp-block-group is-layout-constrained wp-block-group-is-layout-constrained\">\n<h1 class=\"wp-block-heading\">N\u00fctzt<\/h1>\n\n\n\n<div class=\"wp-block-columns has-small-font-size is-layout-flex wp-container-core-columns-is-layout-28f84493 wp-block-columns-is-layout-flex\">\n<div class=\"wp-block-column is-layout-constrained wp-block-column-is-layout-constrained\">\n<figure class=\"wp-block-image aligncenter size-large is-resized has-custom-border\"><img loading=\"lazy\" decoding=\"async\" width=\"94\" height=\"100\" src=\"https:\/\/cremagest.com\/wp-content\/uploads\/2025\/10\/index.svg\" alt=\"\" class=\"wp-image-96\" style=\"border-style:none;border-width:0px;width:auto;height:90px\"\/><\/figure>\n\n\n\n<h4 class=\"wp-block-heading alignwide has-text-align-center\">Tragbarkeit<\/h4>\n<\/div>\n\n\n\n<div class=\"wp-block-column is-layout-flow wp-block-column-is-layout-flow\">\n<figure class=\"wp-block-image aligncenter size-large is-resized\"><img loading=\"lazy\" decoding=\"async\" width=\"100\" height=\"110\" src=\"https:\/\/cremagest.com\/wp-content\/uploads\/2025\/10\/icon-centralisation.svg\" alt=\"\" class=\"wp-image-97\" style=\"width:auto;height:90px\"\/><\/figure>\n\n\n\n<h4 class=\"wp-block-heading has-text-align-center\">Zentralisierung<\/h4>\n<\/div>\n\n\n\n<div class=\"wp-block-column is-layout-flow wp-block-column-is-layout-flow\">\n<figure class=\"wp-block-image aligncenter size-large is-resized\"><img loading=\"lazy\" decoding=\"async\" width=\"98\" height=\"98\" src=\"https:\/\/cremagest.com\/wp-content\/uploads\/2025\/10\/solution.svg\" alt=\"\" class=\"wp-image-98\" style=\"width:auto;height:90px\"\/><\/figure>\n\n\n\n<h4 class=\"wp-block-heading has-text-align-center\">Modularit\u00e4t<\/h4>\n<\/div>\n\n\n\n<div class=\"wp-block-column is-layout-flow wp-block-column-is-layout-flow\">\n<figure class=\"wp-block-image aligncenter size-large is-resized\"><img loading=\"lazy\" decoding=\"async\" width=\"80\" height=\"100\" src=\"https:\/\/cremagest.com\/wp-content\/uploads\/2025\/10\/icon-pertinence.svg\" alt=\"\" class=\"wp-image-99\" style=\"width:auto;height:90px\"\/><\/figure>\n\n\n\n<h4 class=\"wp-block-heading has-text-align-center\">Relevanz<\/h4>\n<\/div>\n\n\n\n<div class=\"wp-block-column is-layout-flow wp-block-column-is-layout-flow\">\n<figure class=\"wp-block-image aligncenter size-large is-resized\"><img loading=\"lazy\" decoding=\"async\" width=\"70\" height=\"93\" src=\"https:\/\/cremagest.com\/wp-content\/uploads\/2025\/10\/fiablilite.svg\" alt=\"\" class=\"wp-image-100\" style=\"width:auto;height:90px\"\/><\/figure>\n\n\n\n<h4 class=\"wp-block-heading has-text-align-center\">Zuverl\u00e4ssigkeit<\/h4>\n<\/div>\n<\/div>\n<\/div>\n\n<div style=\"height:60px\" aria-hidden=\"true\" class=\"wp-block-spacer\"><\/div>\n\n<figure class=\"wp-block-video\"><video controls=\"\" loop=\"\" src=\"http:\/\/cremagest.com\/wp-content\/uploads\/2025\/11\/Nov-2025-s.mp4\" playsinline=\"\"><\/video><\/figure>\n","protected":false},"excerpt":{"rendered":"<p>CREMAGEST vereint alle administrativen Aufgaben an einem Ort, damit Ihre Teams Zeremonien, Zeitpl\u00e4ne und Familieninformationen verwalten k\u00f6nnen, ohne Zeit zu verschwenden. Mit einer klaren Benutzeroberfl\u00e4che, die von \u00fcberall zug\u00e4nglich ist, k\u00f6nnen Sie Fehler reduzieren und die Servicequalit\u00e4t f\u00fcr Familien verbessern. CREMAGEST bietet Ihnen eine komplette, intuitive L\u00f6sung, die es Ihnen erm\u00f6glicht, sich auf Ihr Gesch\u00e4ft [&hellip;]<\/p>\n","protected":false},"author":1,"featured_media":0,"parent":0,"menu_order":0,"comment_status":"closed","ping_status":"closed","template":"","meta":{"inline_featured_image":false,"footnotes":""},"class_list":["post-254","page","type-page","status-publish","hentry"],"blocksy_meta":[],"_links":{"self":[{"href":"https:\/\/cremagest.com\/de\/wp-json\/wp\/v2\/pages\/254","targetHints":{"allow":["GET"]}}],"collection":[{"href":"https:\/\/cremagest.com\/de\/wp-json\/wp\/v2\/pages"}],"about":[{"href":"https:\/\/cremagest.com\/de\/wp-json\/wp\/v2\/types\/page"}],"author":[{"embeddable":true,"href":"https:\/\/cremagest.com\/de\/wp-json\/wp\/v2\/users\/1"}],"replies":[{"embeddable":true,"href":"https:\/\/cremagest.com\/de\/wp-json\/wp\/v2\/comments?post=254"}],"version-history":[{"count":11,"href":"https:\/\/cremagest.com\/de\/wp-json\/wp\/v2\/pages\/254\/revisions"}],"predecessor-version":[{"id":411,"href":"https:\/\/cremagest.com\/de\/wp-json\/wp\/v2\/pages\/254\/revisions\/411"}],"wp:attachment":[{"href":"https:\/\/cremagest.com\/de\/wp-json\/wp\/v2\/media?parent=254"}],"curies":[{"name":"wp","href":"https:\/\/api.w.org\/{rel}","templated":true}]}}