{"id":249,"date":"2025-10-29T12:20:23","date_gmt":"2025-10-29T12:20:23","guid":{"rendered":"https:\/\/cremagest.com\/implementierung\/"},"modified":"2025-11-07T03:10:02","modified_gmt":"2025-11-07T03:10:02","slug":"implementierung","status":"publish","type":"page","link":"https:\/\/cremagest.com\/de\/implementierung\/","title":{"rendered":"Implementierung"},"content":{"rendered":"\n<p>Ein erfolgreiches Projekt basiert auf einer klaren Methode, regelm\u00e4\u00dfigem Austausch und konsequenter Umsetzung. Unser Ansatz basiert auf einem progressiven Ansatz, vom ersten Scoping bis zur Wartung. Jede Phase hat ein bestimmtes Ziel und l\u00e4uft reibungslos ab, um die Qualit\u00e4t des Ergebnisses zu gew\u00e4hrleisten.  <\/p>\n\n<h1 class=\"wp-block-heading\">Projektfortschritt<\/h1>\n\n<p>Wir legen Wert auf Transparenz und Zusammenarbeit. Sie wissen jederzeit, wo das Projekt steht, was validiert wurde und was noch zu tun ist. Das Team steht Ihnen bei jedem Schritt zur Seite, antizipiert Bed\u00fcrfnisse, passt sich bei Bedarf an und stellt den Erfolg der Bereitstellung sicher.  <\/p>\n\n<p>Unsere Priorit\u00e4t ist einfach: eine zuverl\u00e4ssige, funktionale L\u00f6sung zu liefern, die bereit ist, sich mit Ihren Anwendungen weiterzuentwickeln.<\/p>\n\n<hr class=\"wp-block-separator has-alpha-channel-opacity\"\/>\n\n<div class=\"wp-block-columns is-layout-flex wp-container-core-columns-is-layout-28f84493 wp-block-columns-is-layout-flex\">\n<div class=\"wp-block-column is-vertically-aligned-center is-layout-constrained wp-block-column-is-layout-constrained\" style=\"flex-basis:40%\">\n<figure class=\"wp-block-image aligncenter size-large\"><img loading=\"lazy\" decoding=\"async\" width=\"740\" height=\"1024\" src=\"http:\/\/cremagest.com\/wp-content\/uploads\/2025\/10\/image-3-e1761816250370-740x1024.png\" alt=\"\" class=\"wp-image-145\" style=\"box-shadow:var(--wp--preset--shadow--natural)\" srcset=\"https:\/\/cremagest.com\/wp-content\/uploads\/2025\/10\/image-3-e1761816250370-740x1024.png 740w, https:\/\/cremagest.com\/wp-content\/uploads\/2025\/10\/image-3-e1761816250370-217x300.png 217w, https:\/\/cremagest.com\/wp-content\/uploads\/2025\/10\/image-3-e1761816250370-768x1062.png 768w, https:\/\/cremagest.com\/wp-content\/uploads\/2025\/10\/image-3-e1761816250370-1111x1536.png 1111w, https:\/\/cremagest.com\/wp-content\/uploads\/2025\/10\/image-3-e1761816250370.png 1180w\" sizes=\"auto, (max-width: 740px) 100vw, 740px\" \/><\/figure>\n<\/div>\n\n\n\n<div class=\"wp-block-column is-layout-constrained wp-block-column-is-layout-constrained\" style=\"flex-basis:60%\">\n<div class=\"wp-block-group is-layout-constrained wp-block-group-is-layout-constrained\">\n<h4 class=\"wp-block-heading\"><strong>Kick-off-Sitzung<\/strong><\/h4>\n\n\n\n<p>Implementierung des Projektrahmens, Pr\u00e4sentation der Teams, Validierung der Ziele und des Zeitplans. Mit diesem Treffen wird die Zusammenarbeit offiziell gestartet. <\/p>\n\n\n\n<h4 class=\"wp-block-heading\"><strong>Technische und funktionale Analyse<\/strong><\/h4>\n\n\n\n<p>Untersuchung des Bedarfs, Definition von Spezifikationen und Erstellung von Spezifikationen. In dieser Phase wird die technische und operative Basis f\u00fcr das Projekt gelegt. <\/p>\n\n\n\n<h4 class=\"wp-block-heading\"><strong>Installation, Anpassung und Konfiguration<\/strong><\/h4>\n\n\n\n<p>Implementierung der L\u00f6sung, Anpassung an Ihre spezifischen Bed\u00fcrfnisse und Konsistenztests. Die Umwelt nimmt Gestalt an. <\/p>\n\n\n\n<h4 class=\"wp-block-heading\"><strong>Lieferung f\u00fcr Vorproduktion, Test und Validierung<\/strong><\/h4>\n\n\n\n<p>Vorbereitung der Testversion, \u00dcberpr\u00fcfung des ordnungsgem\u00e4\u00dfen Funktionierens und Validierung mit Ihren Teams, bevor es in die Produktion geht.<\/p>\n\n\n\n<h4 class=\"wp-block-heading\"><strong>Formation<\/strong><\/h4>\n\n\n\n<p>Schulung von Anwendern und Administratoren. Ziel ist es, die L\u00f6sung t\u00e4glich schnell nutzen zu k\u00f6nnen. <\/p>\n\n\n\n<h4 class=\"wp-block-heading\"><strong>Produktion und Kundenabnahme<\/strong><\/h4>\n\n\n\n<p>Einsatz in der Endumgebung, Stabilit\u00e4tspr\u00fcfung und offizielle Validierung durch den Kunden.<\/p>\n\n\n\n<h4 class=\"wp-block-heading\"><strong>Support und Wartung<\/strong><\/h4>\n\n\n\n<p>Technische Nachverfolgung, m\u00f6gliche Korrekturen und Unterst\u00fctzung bei zuk\u00fcnftigen Entwicklungen, um die Kontinuit\u00e4t des Dienstes zu gew\u00e4hrleisten.<\/p>\n<\/div>\n<\/div>\n<\/div>\n\n<p><\/p>\n","protected":false},"excerpt":{"rendered":"<p>Ein erfolgreiches Projekt basiert auf einer klaren Methode, regelm\u00e4\u00dfigem Austausch und konsequenter Umsetzung. Unser Ansatz basiert auf einem progressiven Ansatz, vom ersten Scoping bis zur Wartung. Jede Phase hat ein bestimmtes Ziel und l\u00e4uft reibungslos ab, um die Qualit\u00e4t des Ergebnisses zu gew\u00e4hrleisten. Projektfortschritt Wir legen Wert auf Transparenz und Zusammenarbeit. Sie wissen jederzeit, wo [&hellip;]<\/p>\n","protected":false},"author":1,"featured_media":0,"parent":0,"menu_order":0,"comment_status":"closed","ping_status":"closed","template":"","meta":{"inline_featured_image":false,"footnotes":""},"class_list":["post-249","page","type-page","status-publish","hentry"],"blocksy_meta":[],"_links":{"self":[{"href":"https:\/\/cremagest.com\/de\/wp-json\/wp\/v2\/pages\/249","targetHints":{"allow":["GET"]}}],"collection":[{"href":"https:\/\/cremagest.com\/de\/wp-json\/wp\/v2\/pages"}],"about":[{"href":"https:\/\/cremagest.com\/de\/wp-json\/wp\/v2\/types\/page"}],"author":[{"embeddable":true,"href":"https:\/\/cremagest.com\/de\/wp-json\/wp\/v2\/users\/1"}],"replies":[{"embeddable":true,"href":"https:\/\/cremagest.com\/de\/wp-json\/wp\/v2\/comments?post=249"}],"version-history":[{"count":2,"href":"https:\/\/cremagest.com\/de\/wp-json\/wp\/v2\/pages\/249\/revisions"}],"predecessor-version":[{"id":321,"href":"https:\/\/cremagest.com\/de\/wp-json\/wp\/v2\/pages\/249\/revisions\/321"}],"wp:attachment":[{"href":"https:\/\/cremagest.com\/de\/wp-json\/wp\/v2\/media?parent=249"}],"curies":[{"name":"wp","href":"https:\/\/api.w.org\/{rel}","templated":true}]}}