{"id":230,"date":"2025-10-29T12:20:01","date_gmt":"2025-10-29T12:20:01","guid":{"rendered":"https:\/\/cremagest.com\/nuetzt\/"},"modified":"2025-10-30T12:36:08","modified_gmt":"2025-10-30T12:36:08","slug":"nuetzt","status":"publish","type":"page","link":"https:\/\/cremagest.com\/de\/nuetzt\/","title":{"rendered":"N\u00fctzt"},"content":{"rendered":"\n<div class=\"wp-block-columns is-layout-flex wp-container-core-columns-is-layout-28f84493 wp-block-columns-is-layout-flex\">\n<div class=\"wp-block-column is-layout-flow wp-block-column-is-layout-flow\">\n<figure class=\"wp-block-image size-large\"><img loading=\"lazy\" decoding=\"async\" width=\"403\" height=\"324\" src=\"https:\/\/cremagest.com\/wp-content\/uploads\/2025\/10\/poratbilite-illustration.svg\" alt=\"\" class=\"wp-image-118\"\/><\/figure>\n<\/div>\n\n\n\n<div class=\"wp-block-column is-layout-flow wp-block-column-is-layout-flow\">\n<h2 class=\"wp-block-heading\">Tragbarkeit<\/h2>\n\n\n\n<p>Portabilit\u00e4t, Zentralisierung von Informationen&#8230; All dies ist f\u00fcr das Management Ihres Unternehmens von entscheidender Bedeutung. Cremagest bietet Ihnen all diese Vorteile und noch viel mehr. <\/p>\n\n\n\n<ul class=\"wp-block-list\">\n<li>Webanwendung daher 24\/7 verf\u00fcgbar<\/li>\n\n\n\n<li>Zugriff \u00fcber Ihren Computer oder Ihr Mobiltelefon (kein Download)<\/li>\n\n\n\n<li>Sie haben immer Zugriff, von \u00fcberall aus<\/li>\n<\/ul>\n<\/div>\n<\/div>\n\n<div style=\"height:100px\" aria-hidden=\"true\" class=\"wp-block-spacer\"><\/div>\n\n<div class=\"wp-block-columns is-layout-flex wp-container-core-columns-is-layout-28f84493 wp-block-columns-is-layout-flex\">\n<div class=\"wp-block-column is-layout-flow wp-block-column-is-layout-flow\">\n<h2 class=\"wp-block-heading\">Zentralisierung<\/h2>\n\n\n\n<p>Die <strong>Zentralisierung von Informationen<\/strong> ist ebenso entscheidend. Auf diese Weise haben alle Ihre Mitarbeiter einen einfachen Zugriff darauf und Sie k\u00f6nnen Ihre Effizienz steigern, indem Sie Ihre Mitarbeiter in der Verwendung eines gemeinsamen Tools schulen. <\/p>\n\n\n\n<ul class=\"wp-block-list\">\n<li>Alle Informationen, die Sie ben\u00f6tigen, sind an einem Ort verf\u00fcgbar<\/li>\n\n\n\n<li>Auch f\u00fcr Familienmitglieder, f\u00fcr Bestattungsunternehmen: Ihre Kunden wissen, wo sie die Informationen finden, die sie ben\u00f6tigen<\/li>\n\n\n\n<li>Optional k\u00f6nnen wir Ihre Historie in Ihre Cremagest-Datenbank exportieren (nach der Analyse)<\/li>\n<\/ul>\n<\/div>\n\n\n\n<div class=\"wp-block-column is-layout-flow wp-block-column-is-layout-flow\">\n<figure class=\"wp-block-image size-large\"><img loading=\"lazy\" decoding=\"async\" width=\"527\" height=\"324\" src=\"https:\/\/cremagest.com\/wp-content\/uploads\/2025\/10\/centralisation-illustration.svg\" alt=\"\" class=\"wp-image-124\"\/><\/figure>\n<\/div>\n<\/div>\n\n<div style=\"height:100px\" aria-hidden=\"true\" class=\"wp-block-spacer\"><\/div>\n\n<div class=\"wp-block-columns is-layout-flex wp-container-core-columns-is-layout-28f84493 wp-block-columns-is-layout-flex\">\n<div class=\"wp-block-column is-layout-flow wp-block-column-is-layout-flow\">\n<figure class=\"wp-block-image size-large\"><img loading=\"lazy\" decoding=\"async\" width=\"381\" height=\"324\" src=\"https:\/\/cremagest.com\/wp-content\/uploads\/2025\/10\/modularite-illustration.svg\" alt=\"\" class=\"wp-image-128\"\/><\/figure>\n<\/div>\n\n\n\n<div class=\"wp-block-column is-layout-flow wp-block-column-is-layout-flow\">\n<h2 class=\"wp-block-heading\">Modularit\u00e4t<\/h2>\n\n\n\n<p>Die Cremagest-Software besteht aus Modulen und ist daher anpassbar, um genau Ihren Bed\u00fcrfnissen gerecht zu werden.<\/p>\n\n\n\n<ul class=\"wp-block-list\">\n<li>Alles, was Sie brauchen<\/li>\n\n\n\n<li>Nur das, was Sie brauchen<\/li>\n<\/ul>\n<\/div>\n<\/div>\n\n<div style=\"height:100px\" aria-hidden=\"true\" class=\"wp-block-spacer\"><\/div>\n\n<div class=\"wp-block-columns is-layout-flex wp-container-core-columns-is-layout-28f84493 wp-block-columns-is-layout-flex\">\n<div class=\"wp-block-column is-layout-flow wp-block-column-is-layout-flow\">\n<h2 class=\"wp-block-heading\">Relevanz<\/h2>\n\n\n\n<p>Die Cremagest-Anwendung wurde entwickelt, um genau die Bed\u00fcrfnisse des Unternehmens zu erf\u00fcllen, die Nachfrage von Fachleuten, die durch die t\u00e4gliche Nutzung einer integrierten technologischen L\u00f6sung motiviert sind.<\/p>\n\n\n\n<ul class=\"wp-block-list\">\n<li>Entwickelt in Zusammenarbeit mit Experten auf diesem Gebiet<\/li>\n\n\n\n<li>In den letzten 15 Jahren mit denselben Experten verbessert<\/li>\n\n\n\n<li>Beherrschung des internen Know-hows<\/li>\n<\/ul>\n<\/div>\n\n\n\n<div class=\"wp-block-column is-layout-flow wp-block-column-is-layout-flow\">\n<figure class=\"wp-block-image size-large\"><img loading=\"lazy\" decoding=\"async\" width=\"539\" height=\"324\" src=\"https:\/\/cremagest.com\/wp-content\/uploads\/2025\/10\/pertinance-illustration.svg\" alt=\"\" class=\"wp-image-130\"\/><\/figure>\n<\/div>\n<\/div>\n\n<div style=\"height:100px\" aria-hidden=\"true\" class=\"wp-block-spacer\"><\/div>\n\n<div class=\"wp-block-columns is-layout-flex wp-container-core-columns-is-layout-28f84493 wp-block-columns-is-layout-flex\">\n<div class=\"wp-block-column is-layout-flow wp-block-column-is-layout-flow\">\n<figure class=\"wp-block-image size-large\"><img loading=\"lazy\" decoding=\"async\" width=\"540\" height=\"324\" src=\"https:\/\/cremagest.com\/wp-content\/uploads\/2025\/10\/fiabilite-illustration.svg\" alt=\"\" class=\"wp-image-133\"\/><\/figure>\n<\/div>\n\n\n\n<div class=\"wp-block-column is-layout-flow wp-block-column-is-layout-flow\">\n<h2 class=\"wp-block-heading\">Zuverl\u00e4ssigkeit<\/h2>\n\n\n\n<p>Cremagest hat seine Zuverl\u00e4ssigkeit im Laufe der Jahre in vielen belgischen und franz\u00f6sischen Krematorien unter Beweis gestellt.<\/p>\n\n\n\n<ul class=\"wp-block-list\">\n<li>Derzeit in 29 Betrieben (franz\u00f6sisch und belgisch)<\/li>\n\n\n\n<li>Online seit 2008<\/li>\n<\/ul>\n<\/div>\n<\/div>\n\n<div style=\"height:100px\" aria-hidden=\"true\" class=\"wp-block-spacer\"><\/div>\n\n<figure class=\"wp-block-image aligncenter size-large is-resized\"><img loading=\"lazy\" decoding=\"async\" width=\"1024\" height=\"886\" src=\"https:\/\/cremagest.com\/wp-content\/uploads\/2025\/10\/image-1-1024x886.png\" alt=\"\" class=\"wp-image-138\" style=\"width:1126px;height:auto\" srcset=\"https:\/\/cremagest.com\/wp-content\/uploads\/2025\/10\/image-1-1024x886.png 1024w, https:\/\/cremagest.com\/wp-content\/uploads\/2025\/10\/image-1-300x259.png 300w, https:\/\/cremagest.com\/wp-content\/uploads\/2025\/10\/image-1-768x664.png 768w, https:\/\/cremagest.com\/wp-content\/uploads\/2025\/10\/image-1-1536x1329.png 1536w, https:\/\/cremagest.com\/wp-content\/uploads\/2025\/10\/image-1-2048x1772.png 2048w\" sizes=\"auto, (max-width: 1024px) 100vw, 1024px\" \/><\/figure>\n\n<p><\/p>\n","protected":false},"excerpt":{"rendered":"<p>Tragbarkeit Portabilit\u00e4t, Zentralisierung von Informationen&#8230; All dies ist f\u00fcr das Management Ihres Unternehmens von entscheidender Bedeutung. Cremagest bietet Ihnen all diese Vorteile und noch viel mehr. Zentralisierung Die Zentralisierung von Informationen ist ebenso entscheidend. Auf diese Weise haben alle Ihre Mitarbeiter einen einfachen Zugriff darauf und Sie k\u00f6nnen Ihre Effizienz steigern, indem Sie Ihre Mitarbeiter [&hellip;]<\/p>\n","protected":false},"author":1,"featured_media":0,"parent":0,"menu_order":0,"comment_status":"closed","ping_status":"closed","template":"","meta":{"inline_featured_image":false,"footnotes":""},"class_list":["post-230","page","type-page","status-publish","hentry"],"blocksy_meta":[],"_links":{"self":[{"href":"https:\/\/cremagest.com\/de\/wp-json\/wp\/v2\/pages\/230","targetHints":{"allow":["GET"]}}],"collection":[{"href":"https:\/\/cremagest.com\/de\/wp-json\/wp\/v2\/pages"}],"about":[{"href":"https:\/\/cremagest.com\/de\/wp-json\/wp\/v2\/types\/page"}],"author":[{"embeddable":true,"href":"https:\/\/cremagest.com\/de\/wp-json\/wp\/v2\/users\/1"}],"replies":[{"embeddable":true,"href":"https:\/\/cremagest.com\/de\/wp-json\/wp\/v2\/comments?post=230"}],"version-history":[{"count":1,"href":"https:\/\/cremagest.com\/de\/wp-json\/wp\/v2\/pages\/230\/revisions"}],"predecessor-version":[{"id":233,"href":"https:\/\/cremagest.com\/de\/wp-json\/wp\/v2\/pages\/230\/revisions\/233"}],"wp:attachment":[{"href":"https:\/\/cremagest.com\/de\/wp-json\/wp\/v2\/media?parent=230"}],"curies":[{"name":"wp","href":"https:\/\/api.w.org\/{rel}","templated":true}]}}